{"id":16807,"date":"2024-06-21T10:18:52","date_gmt":"2024-06-21T08:18:52","guid":{"rendered":"https:\/\/www.lege-capferret.com\/?page_id=16807"},"modified":"2025-12-25T07:37:24","modified_gmt":"2025-12-25T06:37:24","slug":"venir-a-lege-cap-ferret","status":"publish","type":"page","link":"https:\/\/www.lege-capferret.com\/es\/venir-a-lege-cap-ferret\/","title":{"rendered":"Llegar a L\u00e8ge-Cap Ferret"},"content":{"rendered":"    <section class=\"hero editorial__hero\">\n        <div class=\"container container--lg hero__inner\" anim-zoom>\n            <img loading=\"lazy\" decoding=\"async\" width=\"2560\" height=\"1440\" src=\"https:\/\/www.lege-capferret.com\/wp-content\/uploads\/2024\/06\/cap-ferret-88-2560x1440.jpg\" class=\"img-cover\" alt=\"Une fille s&#039;amuse au bord du Bassin.\" \/>        <\/div>\n    <\/section>\n\n\n\n\n\n\n<div class=\"container container--sm module\">\n    <section class=\"wysiwyg\">\n        <div class=\"wys\">\n            <ul>\n                        <li><a href=\"#coche\">Venir en coche<\/a><\/li>\n                                     <li><a href=\"#avi\u00f3n\">Venir en avi\u00f3n<\/a><\/li>\n                                     <li><a href=\"#tren\">Venir en tren<\/a><\/li>\n                                     <li><a href=\"#barco\">Venir en barco<\/a><\/li>\n                                     <li><a href=\"#autob\u00fas\">Venir en autob\u00fas<\/a><\/li>\n                     \n            <\/ul>\n        <\/div>\n    <\/section>\n<\/div>\n\n    \n\n\n\n<a name=\"coche\" id=\"coche\"><\/a>\n\n\n<div class=\"container container--md module\">\n\t<section class=\"wys-image\" data-image-position=\"left\">\n        \t\t<div class=\"wysiwyg\">\n            <div class=\"wys\">\n              <h2>Venir en Coche<\/h2>\n<p><strong>EN COCHE, VAYA A LA PEN\u00cdNSULA\u00a0 O PIENSE EN COMPARTIR COCHE<\/strong><\/p>\n<p>Y no olvide el coche compartido, vaya a los sitios de transporte compartido para encontrarlo o proponer asientos.<\/p>\n<p><strong>\u00bf Necesita un taxi en L\u00e8ge-Cap Ferret ?<\/strong><\/p>\n<p>Encuentre a continuaci\u00f3n los contactos de los principales taxis de la regi\u00f3n :<\/p>\n<p><a href=\"mailto:angeltaxilege@yahoo.com\">Taxi de L\u00e8ge<\/a> : +33 6 11 28 64 72<br \/>\n<a href=\"http:\/\/taxiducapferret.com\">Taxi du Cap Ferret<\/a> : +33 6 11 41 09 78<br \/>\n<a href=\"http:\/\/v-drive.fr\">Cap Ferret V Drive<\/a> : +33 6 33 00 51 65<br \/>\n<a href=\"http:\/\/unique-holidayservices.com\">Pomeroy Nicolas<\/a> : +33 6 01 45 81 88<br \/>\n<a href=\"http:\/\/www.tramoto.fr\">Tramoto<\/a> : +33 6 31 86 63 12<\/p>\n<p>Ya sea para un viaje r\u00e1pido o un viaje m\u00e1s largo, estos servicios de taxi acompa\u00f1an en todos sus desplazamientos en L\u00e8ge-Cap Ferret y sus alrededores.<\/p>\n            <\/div>\n            \t\t\t<a href=\"https:\/\/www.google.fr\/maps\/dir\/''\/ot+claouey\/@44.7468193,-1.2639607,12z\/data=!4m8!4m7!1m0!1m5!1m1!1s0xd54a0e664142793:0x3f6ce8b38a932211!2m2!1d-1.1815601!2d44.7468489?entry=ttu\"   class=\"btn btn--primary wysiwyg__btn\">CALCULA SU ITINERARIO<\/a>\n            \t\t<\/div>\n                \t\t<figure class=\"wys-image__img\">\n            <img loading=\"lazy\" decoding=\"async\" width=\"1200\" height=\"800\" src=\"https:\/\/www.lege-capferret.com\/wp-content\/uploads\/2024\/06\/couple-backpacks-trunk-with-copy-space-scaled.jpg\" class=\"img-cover\" alt=\"Couple backpacks \" srcset=\"https:\/\/www.lege-capferret.com\/wp-content\/uploads\/2024\/06\/couple-backpacks-trunk-with-copy-space-scaled.jpg 2560w, https:\/\/www.lege-capferret.com\/wp-content\/uploads\/2024\/06\/couple-backpacks-trunk-with-copy-space-300x200.jpg 300w\" sizes=\"(max-width: 1200px) 100vw, 1200px\" \/>\t\t<\/figure>\n        \t<\/section>\n<\/div>\n\n\n\n<a name=\"avi\u00f3n\" id=\"avi\u00f3n\"><\/a>\n\n\n<div class=\"container container--md module\">\n\t<section class=\"wys-image\" data-image-position=\"right\">\n        \t\t<div class=\"wysiwyg\">\n            <div class=\"wys\">\n              <h2>Venir en avi\u00f3n<\/h2>\n<p style=\"text-align: left;\">ATERRIZA A MENOS DE UNA HORA DE LA PEN\u00cdNSULA<\/p>\n<p>Desde Francia o otros pa\u00edses en Europa, puede llegar a la pen\u00ednsula por el aeropuerto de M\u00e9rignac.<\/p>\n<p>DESPU\u00c9S DE SU LLEGADA AL AEROPUERTO, PUEDE<\/p>\n<ul>\n<li><strong><a href=\"https:\/\/www.bordeaux.aeroport.fr\/commerces-services\/location-voitures\">ALQUILAR UN COCHE<\/a> : <\/strong>Elija el modelo para sus vacaciones y alquile su veh\u00edculo en el aeropuerto.<\/li>\n<li><strong><a href=\"https:\/\/www.bordeaux.aeroport.fr\/acces-transports\/taxis\">LLAMAR UN TAXI<\/a> : <\/strong>Ser recogido en el aeropuerto, transporte de maletas\u00a0 y ser dejado directamente en el lugar de vacaciones.<\/li>\n<li><strong><a href=\"https:\/\/transports.nouvelle-aquitaine.fr\/modalis\">TOMAR EL AUTOB\u00daS<\/a> : <\/strong>Viaje de M\u00e9rignac hasta la Pen\u00ednsula con los autobuses del Departamento.<\/li>\n<\/ul>\n            <\/div>\n            \t\t\t<a href=\"https:\/\/www.bordeaux.aeroport.fr\/\"   class=\"btn btn--primary wysiwyg__btn\">Ir al sitio del aeropuerto<\/a>\n            \t\t<\/div>\n                \t\t<figure class=\"wys-image__img\">\n            <img loading=\"lazy\" decoding=\"async\" width=\"1200\" height=\"800\" src=\"https:\/\/www.lege-capferret.com\/wp-content\/uploads\/2024\/06\/little-girl-with-suitcase-airport-scaled.jpg\" class=\"img-cover\" alt=\"Child at the airport. Little girl with a suitcase. Girl in brown coat.\" srcset=\"https:\/\/www.lege-capferret.com\/wp-content\/uploads\/2024\/06\/little-girl-with-suitcase-airport-scaled.jpg 2560w, https:\/\/www.lege-capferret.com\/wp-content\/uploads\/2024\/06\/little-girl-with-suitcase-airport-300x200.jpg 300w\" sizes=\"(max-width: 1200px) 100vw, 1200px\" \/>\t\t<\/figure>\n        \t<\/section>\n<\/div>\n\n\n\n<a name=\"tren\" id=\"tren\"><\/a>\n\n\n<div class=\"container container--md module\">\n\t<section class=\"wys-image\" data-image-position=\"left\">\n        \t\t<div class=\"wysiwyg\">\n            <div class=\"wys\">\n              <h2>Venir en tren<\/h2>\n<p>LLEGA DIRECTAMENTE EN TREN A ARCACHON<\/p>\n<p>Desde la estaci\u00f3n de Arcachon, puede llegar a los transportes para venir a la Pen\u00ednsula.<\/p>\n            <\/div>\n            \t\t\t<a href=\"https:\/\/www.sncf-connect.com\/\"   class=\"btn btn--primary wysiwyg__btn\">CALCULA SU ITINERARIO CON VOYAGES-SNCF.COM<\/a>\n            \t\t<\/div>\n                \t\t<figure class=\"wys-image__img\">\n            <img loading=\"lazy\" decoding=\"async\" width=\"1\" height=\"1\" src=\"https:\/\/www.lege-capferret.com\/wp-content\/uploads\/2024\/06\/mid-shot-woman-with-backpack-train.jpg\" class=\"img-cover\" alt=\"woman with backpack in train\" \/>\t\t<\/figure>\n        \t<\/section>\n<\/div>\n\n\n\n<a name=\"barco\" id=\"barco\"><\/a>\n\n\n<div class=\"container container--md module\">\n\t<section class=\"wys-image\" data-image-position=\"right\">\n        \t\t<div class=\"wysiwyg\">\n            <div class=\"wys\">\n              <h2>Venir en barco<\/h2>\n<p>EMPIECE SUS VACACIONES CON UN TAXI ACU\u00c1TICO :<\/p>\n<ul>\n<li><a href=\"http:\/\/www.batexpress.pro\">Bat Express<\/a><\/li>\n<li><a href=\"http:\/\/www.lepasseur-arcachon.com\">La Passeur<\/a><\/li>\n<li><a href=\"https:\/\/bateau-taxi-arcachon.com\/\">Allo \u00e0 l&#8217;eau<\/a><\/li>\n<\/ul>\n<p>O LAS LANZADERAS DEL BASSIN D\u2019ARCACHON :<\/p>\n<ul>\n<li><a href=\"https:\/\/bateliers-arcachon.com\/\">UBA<\/a><\/li>\n<li><a href=\"https:\/\/passemaree.fr\/bateau-andernos-arcachon-cap-ferret\/\">Passe Mar\u00e9e<\/a><\/li>\n<\/ul>\n            <\/div>\n            \t\t<\/div>\n                \t\t<figure class=\"wys-image__img\">\n            <img loading=\"lazy\" decoding=\"async\" width=\"1200\" height=\"800\" src=\"https:\/\/www.lege-capferret.com\/wp-content\/uploads\/2024\/06\/dune-pilat-lege-cap-ferret-agence-les-conteurs-24.jpg\" class=\"img-cover\" alt=\"Couples dans un bateau pour traverser le bassin\" srcset=\"https:\/\/www.lege-capferret.com\/wp-content\/uploads\/2024\/06\/dune-pilat-lege-cap-ferret-agence-les-conteurs-24.jpg 2250w, https:\/\/www.lege-capferret.com\/wp-content\/uploads\/2024\/06\/dune-pilat-lege-cap-ferret-agence-les-conteurs-24-300x200.jpg 300w, https:\/\/www.lege-capferret.com\/wp-content\/uploads\/2024\/06\/dune-pilat-lege-cap-ferret-agence-les-conteurs-24-1700x1133.jpg 1700w, https:\/\/www.lege-capferret.com\/wp-content\/uploads\/2024\/06\/dune-pilat-lege-cap-ferret-agence-les-conteurs-24-768x512.jpg 768w, https:\/\/www.lege-capferret.com\/wp-content\/uploads\/2024\/06\/dune-pilat-lege-cap-ferret-agence-les-conteurs-24-1536x1024.jpg 1536w, https:\/\/www.lege-capferret.com\/wp-content\/uploads\/2024\/06\/dune-pilat-lege-cap-ferret-agence-les-conteurs-24-2048x1365.jpg 2048w, https:\/\/www.lege-capferret.com\/wp-content\/uploads\/2024\/06\/dune-pilat-lege-cap-ferret-agence-les-conteurs-24-650x433.jpg 650w, https:\/\/www.lege-capferret.com\/wp-content\/uploads\/2024\/06\/dune-pilat-lege-cap-ferret-agence-les-conteurs-24-1260x840.jpg 1260w\" sizes=\"(max-width: 1200px) 100vw, 1200px\" \/>\t\t<\/figure>\n        \t<\/section>\n<\/div>\n\n\n\n<a name=\"autob\u00fas\" id=\"autob\u00fas\"><\/a>\n\n\n<div class=\"container container--md module\">\n\t<section class=\"wys-image\" data-image-position=\"left\">\n        \t\t<div class=\"wysiwyg\">\n            <div class=\"wys\">\n              <h2>Venir en autob\u00fas<\/h2>\n<p>Gracias a la l\u00ednea 412, puede venir de Burdeos o de otras ciudades de Nord Bassin sin tener que cambiar de transporte.<\/p>\n            <\/div>\n            \t\t\t<a href=\"https:\/\/transports.nouvelle-aquitaine.fr\/modalis\"   class=\"btn btn--primary wysiwyg__btn\">Consultar los horarios<\/a>\n            \t\t<\/div>\n                \t\t<figure class=\"wys-image__img\">\n            <img loading=\"lazy\" decoding=\"async\" width=\"1200\" height=\"800\" src=\"https:\/\/www.lege-capferret.com\/wp-content\/uploads\/2024\/06\/passenger-sitting-tram-public-transportation-scaled.jpg\" class=\"img-cover\" alt=\"passenger sitting tram public\" srcset=\"https:\/\/www.lege-capferret.com\/wp-content\/uploads\/2024\/06\/passenger-sitting-tram-public-transportation-scaled.jpg 2560w, https:\/\/www.lege-capferret.com\/wp-content\/uploads\/2024\/06\/passenger-sitting-tram-public-transportation-300x200.jpg 300w, https:\/\/www.lege-capferret.com\/wp-content\/uploads\/2024\/06\/passenger-sitting-tram-public-transportation-1700x1133.jpg 1700w, https:\/\/www.lege-capferret.com\/wp-content\/uploads\/2024\/06\/passenger-sitting-tram-public-transportation-768x512.jpg 768w, https:\/\/www.lege-capferret.com\/wp-content\/uploads\/2024\/06\/passenger-sitting-tram-public-transportation-1536x1024.jpg 1536w, https:\/\/www.lege-capferret.com\/wp-content\/uploads\/2024\/06\/passenger-sitting-tram-public-transportation-2048x1365.jpg 2048w, https:\/\/www.lege-capferret.com\/wp-content\/uploads\/2024\/06\/passenger-sitting-tram-public-transportation-650x433.jpg 650w, https:\/\/www.lege-capferret.com\/wp-content\/uploads\/2024\/06\/passenger-sitting-tram-public-transportation-1260x840.jpg 1260w\" sizes=\"(max-width: 1200px) 100vw, 1200px\" \/>\t\t<\/figure>\n        \t<\/section>\n<\/div>\n\n\n<div class=\"container container--md module\">\n\t<section class=\"wys-image\" data-image-position=\"right\">\n        \t\t<div class=\"wysiwyg\">\n            <div class=\"wys\">\n              <h2>Desplazarse por L\u00e8ge-Cap Ferret<\/h2>\n<ul>\n<li><strong>Alquiler de bicicletas<\/strong> : \u00a1Disfrute de nuestra magn\u00edfica regi\u00f3n sobre dos ruedas ! \u00a0Encuentra nuestra selecci\u00f3n completa de adquileres de bicicletas \u00a0<a href=\"https:\/\/www.lege-capferret.com\/les-locations\/\">aqu\u00ed<\/a>.<\/li>\n<li><strong>Alquiler de coches<\/strong>: Alquile su coche de vacaciones directamente en Qualitycarent llamando al +33 6 25 27 46 25.<\/li>\n<\/ul>\n<p>\u00a1Tanto si prefiere explorar\u00a0 L\u00e8ge-Cap Ferret en bicicleta o en coche, estas opciones le ofrecen toda la flexibilidad para descubrir la regi\u00f3n a su ritmo !<\/p>\n            <\/div>\n            \t\t<\/div>\n                \t\t<figure class=\"wys-image__img\">\n            <img loading=\"lazy\" decoding=\"async\" width=\"1200\" height=\"1200\" src=\"https:\/\/www.lege-capferret.com\/wp-content\/uploads\/2024\/10\/cap-ferret-voiture.jpg\" class=\"img-cover\" alt=\"Une voiture au Cap Ferret\" srcset=\"https:\/\/www.lege-capferret.com\/wp-content\/uploads\/2024\/10\/cap-ferret-voiture.jpg 2000w, https:\/\/www.lege-capferret.com\/wp-content\/uploads\/2024\/10\/cap-ferret-voiture-300x300.jpg 300w, https:\/\/www.lege-capferret.com\/wp-content\/uploads\/2024\/10\/cap-ferret-voiture-1700x1700.jpg 1700w, https:\/\/www.lege-capferret.com\/wp-content\/uploads\/2024\/10\/cap-ferret-voiture-150x150.jpg 150w, https:\/\/www.lege-capferret.com\/wp-content\/uploads\/2024\/10\/cap-ferret-voiture-768x768.jpg 768w, https:\/\/www.lege-capferret.com\/wp-content\/uploads\/2024\/10\/cap-ferret-voiture-1536x1536.jpg 1536w, https:\/\/www.lege-capferret.com\/wp-content\/uploads\/2024\/10\/cap-ferret-voiture-650x650.jpg 650w, https:\/\/www.lege-capferret.com\/wp-content\/uploads\/2024\/10\/cap-ferret-voiture-610x610.jpg 610w\" sizes=\"(max-width: 1200px) 100vw, 1200px\" \/>\t\t<\/figure>\n        \t<\/section>\n<\/div>\n","protected":false},"excerpt":{"rendered":"","protected":false},"author":3,"featured_media":0,"parent":0,"menu_order":0,"comment_status":"closed","ping_status":"closed","template":"","meta":{"footnotes":""},"acf":[],"yoast_head":"<!-- This site is optimized with the Yoast SEO plugin v22.4 - https:\/\/yoast.com\/wordpress\/plugins\/seo\/ -->\n<title>Llegar a L\u00e8ge-Cap Ferret - L\u00e8ge-Cap Ferret<\/title>\n<meta name=\"robots\" content=\"index, follow, max-snippet:-1, max-image-preview:large, max-video-preview:-1\" \/>\n<link rel=\"canonical\" href=\"https:\/\/www.lege-capferret.com\/es\/venir-a-lege-cap-ferret\/\" \/>\n<meta property=\"og:locale\" content=\"es_ES\" \/>\n<meta property=\"og:type\" content=\"article\" \/>\n<meta property=\"og:title\" content=\"Llegar a L\u00e8ge-Cap Ferret - L\u00e8ge-Cap Ferret\" \/>\n<meta property=\"og:url\" content=\"https:\/\/www.lege-capferret.com\/es\/venir-a-lege-cap-ferret\/\" \/>\n<meta property=\"og:site_name\" content=\"L\u00e8ge-Cap Ferret\" \/>\n<meta property=\"article:modified_time\" content=\"2025-12-25T06:37:24+00:00\" \/>\n<meta name=\"twitter:card\" content=\"summary_large_image\" \/>\n<meta name=\"twitter:label1\" content=\"Tiempo de lectura\" \/>\n\t<meta name=\"twitter:data1\" content=\"4 minutos\" \/>\n<script type=\"application\/ld+json\" class=\"yoast-schema-graph\">{\"@context\":\"https:\/\/schema.org\",\"@graph\":[{\"@type\":\"WebPage\",\"@id\":\"https:\/\/www.lege-capferret.com\/es\/venir-a-lege-cap-ferret\/\",\"url\":\"https:\/\/www.lege-capferret.com\/es\/venir-a-lege-cap-ferret\/\",\"name\":\"Llegar a L\u00e8ge-Cap Ferret - L\u00e8ge-Cap Ferret\",\"isPartOf\":{\"@id\":\"https:\/\/www.lege-capferret.com\/es\/#website\"},\"datePublished\":\"2024-06-21T08:18:52+00:00\",\"dateModified\":\"2025-12-25T06:37:24+00:00\",\"breadcrumb\":{\"@id\":\"https:\/\/www.lege-capferret.com\/es\/venir-a-lege-cap-ferret\/#breadcrumb\"},\"inLanguage\":\"es\",\"potentialAction\":[{\"@type\":\"ReadAction\",\"target\":[\"https:\/\/www.lege-capferret.com\/es\/venir-a-lege-cap-ferret\/\"]}]},{\"@type\":\"BreadcrumbList\",\"@id\":\"https:\/\/www.lege-capferret.com\/es\/venir-a-lege-cap-ferret\/#breadcrumb\",\"itemListElement\":[{\"@type\":\"ListItem\",\"position\":1,\"name\":\"Home\",\"item\":\"https:\/\/www.lege-capferret.com\/es\/\"},{\"@type\":\"ListItem\",\"position\":2,\"name\":\"Llegar a L\u00e8ge-Cap Ferret\"}]},{\"@type\":\"WebSite\",\"@id\":\"https:\/\/www.lege-capferret.com\/es\/#website\",\"url\":\"https:\/\/www.lege-capferret.com\/es\/\",\"name\":\"L\u00e8ge-Cap-Ferret\",\"description\":\"\",\"potentialAction\":[{\"@type\":\"SearchAction\",\"target\":{\"@type\":\"EntryPoint\",\"urlTemplate\":\"https:\/\/www.lege-capferret.com\/es\/?s={search_term_string}\"},\"query-input\":\"required name=search_term_string\"}],\"inLanguage\":\"es\"}]}<\/script>\n<!-- \/ Yoast SEO plugin. -->","yoast_head_json":{"title":"Llegar a L\u00e8ge-Cap Ferret - L\u00e8ge-Cap Ferret","robots":{"index":"index","follow":"follow","max-snippet":"max-snippet:-1","max-image-preview":"max-image-preview:large","max-video-preview":"max-video-preview:-1"},"canonical":"https:\/\/www.lege-capferret.com\/es\/venir-a-lege-cap-ferret\/","og_locale":"es_ES","og_type":"article","og_title":"Llegar a L\u00e8ge-Cap Ferret - L\u00e8ge-Cap Ferret","og_url":"https:\/\/www.lege-capferret.com\/es\/venir-a-lege-cap-ferret\/","og_site_name":"L\u00e8ge-Cap Ferret","article_modified_time":"2025-12-25T06:37:24+00:00","twitter_card":"summary_large_image","twitter_misc":{"Tiempo de lectura":"4 minutos"},"schema":{"@context":"https:\/\/schema.org","@graph":[{"@type":"WebPage","@id":"https:\/\/www.lege-capferret.com\/es\/venir-a-lege-cap-ferret\/","url":"https:\/\/www.lege-capferret.com\/es\/venir-a-lege-cap-ferret\/","name":"Llegar a L\u00e8ge-Cap Ferret - L\u00e8ge-Cap Ferret","isPartOf":{"@id":"https:\/\/www.lege-capferret.com\/es\/#website"},"datePublished":"2024-06-21T08:18:52+00:00","dateModified":"2025-12-25T06:37:24+00:00","breadcrumb":{"@id":"https:\/\/www.lege-capferret.com\/es\/venir-a-lege-cap-ferret\/#breadcrumb"},"inLanguage":"es","potentialAction":[{"@type":"ReadAction","target":["https:\/\/www.lege-capferret.com\/es\/venir-a-lege-cap-ferret\/"]}]},{"@type":"BreadcrumbList","@id":"https:\/\/www.lege-capferret.com\/es\/venir-a-lege-cap-ferret\/#breadcrumb","itemListElement":[{"@type":"ListItem","position":1,"name":"Home","item":"https:\/\/www.lege-capferret.com\/es\/"},{"@type":"ListItem","position":2,"name":"Llegar a L\u00e8ge-Cap Ferret"}]},{"@type":"WebSite","@id":"https:\/\/www.lege-capferret.com\/es\/#website","url":"https:\/\/www.lege-capferret.com\/es\/","name":"L\u00e8ge-Cap-Ferret","description":"","potentialAction":[{"@type":"SearchAction","target":{"@type":"EntryPoint","urlTemplate":"https:\/\/www.lege-capferret.com\/es\/?s={search_term_string}"},"query-input":"required name=search_term_string"}],"inLanguage":"es"}]}},"_links":{"self":[{"href":"https:\/\/www.lege-capferret.com\/es\/wp-json\/wp\/v2\/pages\/16807"}],"collection":[{"href":"https:\/\/www.lege-capferret.com\/es\/wp-json\/wp\/v2\/pages"}],"about":[{"href":"https:\/\/www.lege-capferret.com\/es\/wp-json\/wp\/v2\/types\/page"}],"author":[{"embeddable":true,"href":"https:\/\/www.lege-capferret.com\/es\/wp-json\/wp\/v2\/users\/3"}],"replies":[{"embeddable":true,"href":"https:\/\/www.lege-capferret.com\/es\/wp-json\/wp\/v2\/comments?post=16807"}],"version-history":[{"count":5,"href":"https:\/\/www.lege-capferret.com\/es\/wp-json\/wp\/v2\/pages\/16807\/revisions"}],"predecessor-version":[{"id":31802,"href":"https:\/\/www.lege-capferret.com\/es\/wp-json\/wp\/v2\/pages\/16807\/revisions\/31802"}],"wp:attachment":[{"href":"https:\/\/www.lege-capferret.com\/es\/wp-json\/wp\/v2\/media?parent=16807"}],"curies":[{"name":"wp","href":"https:\/\/api.w.org\/{rel}","templated":true}]}}