{"id":12858,"date":"2024-05-15T12:17:47","date_gmt":"2024-05-15T10:17:47","guid":{"rendered":"https:\/\/www.lege-capferret.com\/?page_id=12858"},"modified":"2024-07-15T15:57:49","modified_gmt":"2024-07-15T13:57:49","slug":"contactenos","status":"publish","type":"page","link":"https:\/\/www.lege-capferret.com\/es\/contactenos\/","title":{"rendered":"Cont\u00e1ctenos"},"content":{"rendered":"<div class=\"container container--md module\">\n\t<section class=\"wys-image\" data-image-position=\"left\">\n        \t\t<div class=\"wysiwyg\">\n            <div class=\"wys\">\n              <h2 style=\"text-align: center;\">VAYA A LA OFICINA DE TURISMO<\/h2>\n<h2 style=\"text-align: center;\">IN SITU O POR TEL\u00c9FONO:<\/h2>\n<h3 style=\"text-align: center;\">En Claouey, le podr\u00e1n aconsejar:<\/h3>\n<p>De lunes a s\u00e1bado, de 9:00 a 18:30 y los domingos de 10:00 a 13:00 y de 15:00 a 18:30.<br \/>\n05 56 03 94 49<\/p>\n<p><strong>Nuestros asesores tambi\u00e9n est\u00e1n a su disposici\u00f3n en Cap Ferret (12 avenue de l&#8217;Oc\u00e9an):<\/strong><\/p>\n<p>Todos los d\u00edas de 10 a 19 h.<\/p>\n<p>Con la marca Qualit\u00e9 Tourisme\u2122, la Oficina de Turismo de L\u00e8ge-Cap Ferret se compromete a responder a las exigencias esenciales de su satisfacci\u00f3n.<\/p>\n            <\/div>\n            \t\t<\/div>\n                \t<\/section>\n<\/div>\n","protected":false},"excerpt":{"rendered":"","protected":false},"author":1,"featured_media":4594,"parent":0,"menu_order":0,"comment_status":"closed","ping_status":"closed","template":"page-contact.php","meta":{"footnotes":""},"acf":[],"yoast_head":"<!-- This site is optimized with the Yoast SEO plugin v22.4 - https:\/\/yoast.com\/wordpress\/plugins\/seo\/ -->\n<title>Cont\u00e1ctenos - L\u00e8ge-Cap Ferret<\/title>\n<meta name=\"robots\" content=\"index, follow, max-snippet:-1, max-image-preview:large, max-video-preview:-1\" \/>\n<link rel=\"canonical\" href=\"https:\/\/www.lege-capferret.com\/es\/contactenos\/\" \/>\n<meta property=\"og:locale\" content=\"es_ES\" \/>\n<meta property=\"og:type\" content=\"article\" \/>\n<meta property=\"og:title\" content=\"Cont\u00e1ctenos - L\u00e8ge-Cap Ferret\" \/>\n<meta property=\"og:url\" content=\"https:\/\/www.lege-capferret.com\/es\/contactenos\/\" \/>\n<meta property=\"og:site_name\" content=\"L\u00e8ge-Cap Ferret\" \/>\n<meta property=\"article:modified_time\" content=\"2024-07-15T13:57:49+00:00\" \/>\n<meta property=\"og:image\" content=\"https:\/\/www.lege-capferret.com\/wp-content\/uploads\/2024\/06\/AB7A1724-scaled.jpg\" \/>\n\t<meta property=\"og:image:width\" content=\"2560\" \/>\n\t<meta property=\"og:image:height\" content=\"2415\" \/>\n\t<meta property=\"og:image:type\" content=\"image\/jpeg\" \/>\n<meta name=\"twitter:card\" content=\"summary_large_image\" \/>\n<meta name=\"twitter:label1\" content=\"Tiempo de lectura\" \/>\n\t<meta name=\"twitter:data1\" content=\"1 minuto\" \/>\n<script type=\"application\/ld+json\" class=\"yoast-schema-graph\">{\"@context\":\"https:\/\/schema.org\",\"@graph\":[{\"@type\":\"WebPage\",\"@id\":\"https:\/\/www.lege-capferret.com\/es\/contactenos\/\",\"url\":\"https:\/\/www.lege-capferret.com\/es\/contactenos\/\",\"name\":\"Cont\u00e1ctenos - L\u00e8ge-Cap Ferret\",\"isPartOf\":{\"@id\":\"https:\/\/www.lege-capferret.com\/es\/#website\"},\"primaryImageOfPage\":{\"@id\":\"https:\/\/www.lege-capferret.com\/es\/contactenos\/#primaryimage\"},\"image\":{\"@id\":\"https:\/\/www.lege-capferret.com\/es\/contactenos\/#primaryimage\"},\"thumbnailUrl\":\"https:\/\/www.lege-capferret.com\/wp-content\/uploads\/2024\/06\/AB7A1724-scaled.jpg\",\"datePublished\":\"2024-05-15T10:17:47+00:00\",\"dateModified\":\"2024-07-15T13:57:49+00:00\",\"breadcrumb\":{\"@id\":\"https:\/\/www.lege-capferret.com\/es\/contactenos\/#breadcrumb\"},\"inLanguage\":\"es\",\"potentialAction\":[{\"@type\":\"ReadAction\",\"target\":[\"https:\/\/www.lege-capferret.com\/es\/contactenos\/\"]}]},{\"@type\":\"ImageObject\",\"inLanguage\":\"es\",\"@id\":\"https:\/\/www.lege-capferret.com\/es\/contactenos\/#primaryimage\",\"url\":\"https:\/\/www.lege-capferret.com\/wp-content\/uploads\/2024\/06\/AB7A1724-scaled.jpg\",\"contentUrl\":\"https:\/\/www.lege-capferret.com\/wp-content\/uploads\/2024\/06\/AB7A1724-scaled.jpg\",\"width\":2560,\"height\":2415,\"caption\":\"devanture\"},{\"@type\":\"BreadcrumbList\",\"@id\":\"https:\/\/www.lege-capferret.com\/es\/contactenos\/#breadcrumb\",\"itemListElement\":[{\"@type\":\"ListItem\",\"position\":1,\"name\":\"Home\",\"item\":\"https:\/\/www.lege-capferret.com\/es\/\"},{\"@type\":\"ListItem\",\"position\":2,\"name\":\"Cont\u00e1ctenos\"}]},{\"@type\":\"WebSite\",\"@id\":\"https:\/\/www.lege-capferret.com\/es\/#website\",\"url\":\"https:\/\/www.lege-capferret.com\/es\/\",\"name\":\"L\u00e8ge-Cap-Ferret\",\"description\":\"\",\"potentialAction\":[{\"@type\":\"SearchAction\",\"target\":{\"@type\":\"EntryPoint\",\"urlTemplate\":\"https:\/\/www.lege-capferret.com\/es\/?s={search_term_string}\"},\"query-input\":\"required name=search_term_string\"}],\"inLanguage\":\"es\"}]}<\/script>\n<!-- \/ Yoast SEO plugin. -->","yoast_head_json":{"title":"Cont\u00e1ctenos - L\u00e8ge-Cap Ferret","robots":{"index":"index","follow":"follow","max-snippet":"max-snippet:-1","max-image-preview":"max-image-preview:large","max-video-preview":"max-video-preview:-1"},"canonical":"https:\/\/www.lege-capferret.com\/es\/contactenos\/","og_locale":"es_ES","og_type":"article","og_title":"Cont\u00e1ctenos - L\u00e8ge-Cap Ferret","og_url":"https:\/\/www.lege-capferret.com\/es\/contactenos\/","og_site_name":"L\u00e8ge-Cap Ferret","article_modified_time":"2024-07-15T13:57:49+00:00","og_image":[{"width":2560,"height":2415,"url":"https:\/\/www.lege-capferret.com\/wp-content\/uploads\/2024\/06\/AB7A1724-scaled.jpg","type":"image\/jpeg"}],"twitter_card":"summary_large_image","twitter_misc":{"Tiempo de lectura":"1 minuto"},"schema":{"@context":"https:\/\/schema.org","@graph":[{"@type":"WebPage","@id":"https:\/\/www.lege-capferret.com\/es\/contactenos\/","url":"https:\/\/www.lege-capferret.com\/es\/contactenos\/","name":"Cont\u00e1ctenos - L\u00e8ge-Cap Ferret","isPartOf":{"@id":"https:\/\/www.lege-capferret.com\/es\/#website"},"primaryImageOfPage":{"@id":"https:\/\/www.lege-capferret.com\/es\/contactenos\/#primaryimage"},"image":{"@id":"https:\/\/www.lege-capferret.com\/es\/contactenos\/#primaryimage"},"thumbnailUrl":"https:\/\/www.lege-capferret.com\/wp-content\/uploads\/2024\/06\/AB7A1724-scaled.jpg","datePublished":"2024-05-15T10:17:47+00:00","dateModified":"2024-07-15T13:57:49+00:00","breadcrumb":{"@id":"https:\/\/www.lege-capferret.com\/es\/contactenos\/#breadcrumb"},"inLanguage":"es","potentialAction":[{"@type":"ReadAction","target":["https:\/\/www.lege-capferret.com\/es\/contactenos\/"]}]},{"@type":"ImageObject","inLanguage":"es","@id":"https:\/\/www.lege-capferret.com\/es\/contactenos\/#primaryimage","url":"https:\/\/www.lege-capferret.com\/wp-content\/uploads\/2024\/06\/AB7A1724-scaled.jpg","contentUrl":"https:\/\/www.lege-capferret.com\/wp-content\/uploads\/2024\/06\/AB7A1724-scaled.jpg","width":2560,"height":2415,"caption":"devanture"},{"@type":"BreadcrumbList","@id":"https:\/\/www.lege-capferret.com\/es\/contactenos\/#breadcrumb","itemListElement":[{"@type":"ListItem","position":1,"name":"Home","item":"https:\/\/www.lege-capferret.com\/es\/"},{"@type":"ListItem","position":2,"name":"Cont\u00e1ctenos"}]},{"@type":"WebSite","@id":"https:\/\/www.lege-capferret.com\/es\/#website","url":"https:\/\/www.lege-capferret.com\/es\/","name":"L\u00e8ge-Cap-Ferret","description":"","potentialAction":[{"@type":"SearchAction","target":{"@type":"EntryPoint","urlTemplate":"https:\/\/www.lege-capferret.com\/es\/?s={search_term_string}"},"query-input":"required name=search_term_string"}],"inLanguage":"es"}]}},"_links":{"self":[{"href":"https:\/\/www.lege-capferret.com\/es\/wp-json\/wp\/v2\/pages\/12858"}],"collection":[{"href":"https:\/\/www.lege-capferret.com\/es\/wp-json\/wp\/v2\/pages"}],"about":[{"href":"https:\/\/www.lege-capferret.com\/es\/wp-json\/wp\/v2\/types\/page"}],"author":[{"embeddable":true,"href":"https:\/\/www.lege-capferret.com\/es\/wp-json\/wp\/v2\/users\/1"}],"replies":[{"embeddable":true,"href":"https:\/\/www.lege-capferret.com\/es\/wp-json\/wp\/v2\/comments?post=12858"}],"version-history":[{"count":2,"href":"https:\/\/www.lege-capferret.com\/es\/wp-json\/wp\/v2\/pages\/12858\/revisions"}],"predecessor-version":[{"id":12860,"href":"https:\/\/www.lege-capferret.com\/es\/wp-json\/wp\/v2\/pages\/12858\/revisions\/12860"}],"wp:featuredmedia":[{"embeddable":true,"href":"https:\/\/www.lege-capferret.com\/es\/wp-json\/wp\/v2\/media\/4594"}],"wp:attachment":[{"href":"https:\/\/www.lege-capferret.com\/es\/wp-json\/wp\/v2\/media?parent=12858"}],"curies":[{"name":"wp","href":"https:\/\/api.w.org\/{rel}","templated":true}]}}