{"id":12686,"date":"2024-06-21T12:16:26","date_gmt":"2024-06-21T10:16:26","guid":{"rendered":"https:\/\/www.lege-capferret.com\/mentions-legales\/"},"modified":"2024-07-10T14:13:04","modified_gmt":"2024-07-10T12:13:04","slug":"mentions-legales","status":"publish","type":"page","link":"https:\/\/www.lege-capferret.com\/en\/mentions-legales\/","title":{"rendered":"Mentions l\u00e9gales"},"content":{"rendered":"    <section class=\"hero editorial__hero\">\n        <div class=\"container container--lg hero__inner\" anim-zoom>\n            <img loading=\"lazy\" decoding=\"async\" width=\"2560\" height=\"1440\" src=\"https:\/\/www.lege-capferret.com\/wp-content\/uploads\/2024\/06\/Office_Claouey_exterieur2_web-2560x1440.jpg\" class=\"img-cover\" alt=\"Ext\u00e9rieur de l&#039;Office du tourisme de Claouey.\" \/>        <\/div>\n    <\/section>\n\n\n<section class=\"editorial__intro\">\n\t<div class=\"container container--sm\">\n\t\t<p class=\"title-4\">\n        In accordance with the provisions of article 6 III-1 of law n \u00b0 2004-575 of June 21, 2004 for confidence in the digital economy, we inform you that this site is the property of the Tourist Office of L\u00e8ge -Cap Ferret, 1 avenue du G\u00e9n\u00e9ral de Gaulle \u2013 Claouey 33950 L\u00e8ge-Cap Ferret\t\t<\/p>\n\t<\/div>\n<\/section>\n\n\n<div class=\"container container--md module\">\n\t<section class=\"wys-image\" data-image-position=\"left\">\n        \t\t<div class=\"wysiwyg\">\n            <div class=\"wys\">\n              <p>SIREN: 407 899 053 \u2013 SIRET: 407 899 053 00026 \u2013 APE: 799902, AU number (Marketing Authorization): AU 033 99 001<\/p>\n<p>\u2022 the director of publication of the website is Ms. Lassus Portarrieu \u2013 Director of the Tourist Office<br \/>\n\u2022 the person responsible for the database and site updates is Ms. Rougier Emelyne \u2013 Communication department<br \/>\n\u2022 the service provider ensuring the direct and permanent storage of part of the database is Faire Savoir, the other part is stored in the wordpress CMS.<br \/>\n\u2022 the service provider who ensured the creation of the site is: Agence AND Digital<br \/>\n<a href=\"https:\/\/www.and-digital.fr\/\" target=\"_blank\" rel=\"noopener noreferrer\">Consulting agency in digital communication<\/a><br \/>\n33000 Bordeaux, France<br \/>\n05 57 34 37 46<br \/>\nwww.and-digital.fr<\/p>\n<p>By browsing the pages of this site, the Internet user acknowledges having read and accepted the limits of responsibility and the conditions of use of the site. The user accepts the limitations offered by the Internet in consulting the pages of the site. The Tourist Office of L\u00e8ge-Cap Ferret cannot be held responsible for difficulties in connecting to the Internet or viewing the pages of the site. The internet user acknowledges, in particular, being informed of the differences in interpretation of Internet pages by the different navigation software on the market.<\/p>\n<p><strong>Copyright \u2013 copyright:<\/strong>\u00a0All content (photos, texts, video, etc.) available on the site www.lege-capferret.com are and remain the exclusive property of the Tourist Office of L\u00e8ge-Cap Ferret and \/ or its partners. Any reproduction, even partial, is strictly prohibited in accordance with the Intellectual Property Code.<\/p>\n<p>You are therefore not authorized to reproduce, represent or market this content except in the following cases: private copy (you can print the pages of the site for your personal use only); representation as part of the family circle (you cannot make any secondary use of the contents of the site for a fee or free of charge. Reproduction of all or part of this site on any electronic medium whatsoever is strictly prohibited without express authorization from the Tourist Office of L\u00e8ge-Cap Ferret.<\/p>\n<p><strong>Exchange of links:<\/strong>\u00a0If you wish to make a link between the site www.lege-capferret.com and another site, please contact us beforehand in order to obtain the necessary authorization for this purpose by email on\u00a0<a href=\"https:\/\/www.lege-capferret.com\/en\/informations\/office-tourisme\" target=\"_blank\" rel=\"noopener noreferrer\">our contact form<\/a>.<\/p>\n<p><strong>Tourist information<\/strong><br \/>\nThe tourist data come from the Tourinsoft departmental base, exempt from CNIL declaration. This database is regularly updated by the Tourist Office of L\u00e8ge-Cap Ferret and the ADT Gironde. They are given for information only and do not engage the responsibility of their authors. The list of different providers concerns our members, it is not exhaustive. The photos and prices offered on this site are not contractual.<\/p>\n<p><strong>Photo credits \u00a9:<\/strong>\u00a0Les Conteurs \u2013 Brigitte Ruiz SIBA \u2013 Laurent Wangermez \u2013 Benoit Lafosse \u2013 Dolly- Beno\u00eet Rual.<\/p>\n<p><strong>Personal data:<\/strong>\u00a0The Tourist Office of L\u00e8ge-Cap Ferret has IT resources intended to send you, only if you agree, information and news on the destination. The information recorded is reserved for the exclusive use of the Tourist Office of L\u00e8ge-Cap Ferret. More info on personal data<\/p>\n            <\/div>\n            \t\t<\/div>\n                \t\t<figure class=\"wys-image__img\">\n            <img loading=\"lazy\" decoding=\"async\" width=\"854\" height=\"1280\" src=\"https:\/\/www.lege-capferret.com\/wp-content\/uploads\/2024\/06\/cap-ferret-96-scaled.jpg\" class=\"img-cover\" alt=\"Cap Ferret\" srcset=\"https:\/\/www.lege-capferret.com\/wp-content\/uploads\/2024\/06\/cap-ferret-96-scaled.jpg 1707w, https:\/\/www.lege-capferret.com\/wp-content\/uploads\/2024\/06\/cap-ferret-96-200x300.jpg 200w, https:\/\/www.lege-capferret.com\/wp-content\/uploads\/2024\/06\/cap-ferret-96-1700x2550.jpg 1700w, https:\/\/www.lege-capferret.com\/wp-content\/uploads\/2024\/06\/cap-ferret-96-768x1152.jpg 768w, https:\/\/www.lege-capferret.com\/wp-content\/uploads\/2024\/06\/cap-ferret-96-1024x1536.jpg 1024w, https:\/\/www.lege-capferret.com\/wp-content\/uploads\/2024\/06\/cap-ferret-96-1366x2048.jpg 1366w, https:\/\/www.lege-capferret.com\/wp-content\/uploads\/2024\/06\/cap-ferret-96-300x450.jpg 300w, https:\/\/www.lege-capferret.com\/wp-content\/uploads\/2024\/06\/cap-ferret-96-650x975.jpg 650w\" sizes=\"(max-width: 854px) 100vw, 854px\" \/>\t\t<\/figure>\n        \t<\/section>\n<\/div>\n","protected":false},"excerpt":{"rendered":"","protected":false},"author":2,"featured_media":0,"parent":0,"menu_order":0,"comment_status":"closed","ping_status":"closed","template":"","meta":{"footnotes":""},"acf":[],"yoast_head":"<!-- This site is optimized with the Yoast SEO plugin v22.4 - https:\/\/yoast.com\/wordpress\/plugins\/seo\/ -->\n<title>Mentions l\u00e9gales - L\u00e8ge-Cap Ferret<\/title>\n<meta name=\"robots\" content=\"index, follow, max-snippet:-1, max-image-preview:large, max-video-preview:-1\" \/>\n<link rel=\"canonical\" href=\"https:\/\/www.lege-capferret.com\/en\/mentions-legales\/\" \/>\n<meta property=\"og:locale\" content=\"en_US\" \/>\n<meta property=\"og:type\" content=\"article\" \/>\n<meta property=\"og:title\" content=\"Mentions l\u00e9gales - L\u00e8ge-Cap Ferret\" \/>\n<meta property=\"og:url\" content=\"https:\/\/www.lege-capferret.com\/en\/mentions-legales\/\" \/>\n<meta property=\"og:site_name\" content=\"L\u00e8ge-Cap Ferret\" \/>\n<meta property=\"article:modified_time\" content=\"2024-07-10T12:13:04+00:00\" \/>\n<meta name=\"twitter:card\" content=\"summary_large_image\" \/>\n<meta name=\"twitter:label1\" content=\"Est. reading time\" \/>\n\t<meta name=\"twitter:data1\" content=\"4 minutes\" \/>\n<script type=\"application\/ld+json\" class=\"yoast-schema-graph\">{\"@context\":\"https:\/\/schema.org\",\"@graph\":[{\"@type\":\"WebPage\",\"@id\":\"https:\/\/www.lege-capferret.com\/en\/mentions-legales\/\",\"url\":\"https:\/\/www.lege-capferret.com\/en\/mentions-legales\/\",\"name\":\"Mentions l\u00e9gales - L\u00e8ge-Cap Ferret\",\"isPartOf\":{\"@id\":\"https:\/\/www.lege-capferret.com\/en\/#website\"},\"datePublished\":\"2024-06-21T10:16:26+00:00\",\"dateModified\":\"2024-07-10T12:13:04+00:00\",\"breadcrumb\":{\"@id\":\"https:\/\/www.lege-capferret.com\/en\/mentions-legales\/#breadcrumb\"},\"inLanguage\":\"en-US\",\"potentialAction\":[{\"@type\":\"ReadAction\",\"target\":[\"https:\/\/www.lege-capferret.com\/en\/mentions-legales\/\"]}]},{\"@type\":\"BreadcrumbList\",\"@id\":\"https:\/\/www.lege-capferret.com\/en\/mentions-legales\/#breadcrumb\",\"itemListElement\":[{\"@type\":\"ListItem\",\"position\":1,\"name\":\"Home\",\"item\":\"https:\/\/www.lege-capferret.com\/en\/\"},{\"@type\":\"ListItem\",\"position\":2,\"name\":\"Mentions l\u00e9gales\"}]},{\"@type\":\"WebSite\",\"@id\":\"https:\/\/www.lege-capferret.com\/en\/#website\",\"url\":\"https:\/\/www.lege-capferret.com\/en\/\",\"name\":\"L\u00e8ge-Cap-Ferret\",\"description\":\"\",\"potentialAction\":[{\"@type\":\"SearchAction\",\"target\":{\"@type\":\"EntryPoint\",\"urlTemplate\":\"https:\/\/www.lege-capferret.com\/en\/?s={search_term_string}\"},\"query-input\":\"required name=search_term_string\"}],\"inLanguage\":\"en-US\"}]}<\/script>\n<!-- \/ Yoast SEO plugin. -->","yoast_head_json":{"title":"Mentions l\u00e9gales - L\u00e8ge-Cap Ferret","robots":{"index":"index","follow":"follow","max-snippet":"max-snippet:-1","max-image-preview":"max-image-preview:large","max-video-preview":"max-video-preview:-1"},"canonical":"https:\/\/www.lege-capferret.com\/en\/mentions-legales\/","og_locale":"en_US","og_type":"article","og_title":"Mentions l\u00e9gales - L\u00e8ge-Cap Ferret","og_url":"https:\/\/www.lege-capferret.com\/en\/mentions-legales\/","og_site_name":"L\u00e8ge-Cap Ferret","article_modified_time":"2024-07-10T12:13:04+00:00","twitter_card":"summary_large_image","twitter_misc":{"Est. reading time":"4 minutes"},"schema":{"@context":"https:\/\/schema.org","@graph":[{"@type":"WebPage","@id":"https:\/\/www.lege-capferret.com\/en\/mentions-legales\/","url":"https:\/\/www.lege-capferret.com\/en\/mentions-legales\/","name":"Mentions l\u00e9gales - L\u00e8ge-Cap Ferret","isPartOf":{"@id":"https:\/\/www.lege-capferret.com\/en\/#website"},"datePublished":"2024-06-21T10:16:26+00:00","dateModified":"2024-07-10T12:13:04+00:00","breadcrumb":{"@id":"https:\/\/www.lege-capferret.com\/en\/mentions-legales\/#breadcrumb"},"inLanguage":"en-US","potentialAction":[{"@type":"ReadAction","target":["https:\/\/www.lege-capferret.com\/en\/mentions-legales\/"]}]},{"@type":"BreadcrumbList","@id":"https:\/\/www.lege-capferret.com\/en\/mentions-legales\/#breadcrumb","itemListElement":[{"@type":"ListItem","position":1,"name":"Home","item":"https:\/\/www.lege-capferret.com\/en\/"},{"@type":"ListItem","position":2,"name":"Mentions l\u00e9gales"}]},{"@type":"WebSite","@id":"https:\/\/www.lege-capferret.com\/en\/#website","url":"https:\/\/www.lege-capferret.com\/en\/","name":"L\u00e8ge-Cap-Ferret","description":"","potentialAction":[{"@type":"SearchAction","target":{"@type":"EntryPoint","urlTemplate":"https:\/\/www.lege-capferret.com\/en\/?s={search_term_string}"},"query-input":"required name=search_term_string"}],"inLanguage":"en-US"}]}},"_links":{"self":[{"href":"https:\/\/www.lege-capferret.com\/en\/wp-json\/wp\/v2\/pages\/12686"}],"collection":[{"href":"https:\/\/www.lege-capferret.com\/en\/wp-json\/wp\/v2\/pages"}],"about":[{"href":"https:\/\/www.lege-capferret.com\/en\/wp-json\/wp\/v2\/types\/page"}],"author":[{"embeddable":true,"href":"https:\/\/www.lege-capferret.com\/en\/wp-json\/wp\/v2\/users\/2"}],"replies":[{"embeddable":true,"href":"https:\/\/www.lege-capferret.com\/en\/wp-json\/wp\/v2\/comments?post=12686"}],"version-history":[{"count":2,"href":"https:\/\/www.lege-capferret.com\/en\/wp-json\/wp\/v2\/pages\/12686\/revisions"}],"predecessor-version":[{"id":12688,"href":"https:\/\/www.lege-capferret.com\/en\/wp-json\/wp\/v2\/pages\/12686\/revisions\/12688"}],"wp:attachment":[{"href":"https:\/\/www.lege-capferret.com\/en\/wp-json\/wp\/v2\/media?parent=12686"}],"curies":[{"name":"wp","href":"https:\/\/api.w.org\/{rel}","templated":true}]}}