{"id":28753,"date":"2024-06-21T11:23:17","date_gmt":"2024-06-21T09:23:17","guid":{"rendered":"https:\/\/www.lege-capferret.com\/?page_id=28753"},"modified":"2025-03-14T12:19:17","modified_gmt":"2025-03-14T11:19:17","slug":"wifi","status":"publish","type":"page","link":"https:\/\/www.lege-capferret.com\/de\/wifi\/","title":{"rendered":"Wifi"},"content":{"rendered":"    <section class=\"hero editorial__hero\">\n        <div class=\"container container--lg hero__inner\" anim-zoom>\n            <img loading=\"lazy\" decoding=\"async\" width=\"2560\" height=\"1440\" src=\"https:\/\/www.lege-capferret.com\/wp-content\/uploads\/2024\/06\/herbe-50-2560x1440.jpg\" class=\"img-cover\" alt=\"Un groupe de jeunes qui regarde un plan\" \/>        <\/div>\n    <\/section>\n\n\n<section class=\"editorial__intro\">\n\t<div class=\"container container--sm\">\n\t\t<p class=\"title-4\">\n        UM DIE HALBINSEL IN VOLLEN Z\u00dcGEN ZU GENIE\u00dfEN, VERBINDEN SIE SICH UND NUTZEN SIE DIE WI-FI-HOTSPOTS.\t\t<\/p>\n\t<\/div>\n<\/section>\n\n\n<div class=\"container container--md module\">\n\t<section class=\"wys-image\" data-image-position=\"left\">\n        \t\t<div class=\"wysiwyg\">\n            <div class=\"wys\">\n              <div class=\"flex max-w-full flex-col flex-grow\">\n<div class=\"min-h-8 text-message relative flex w-full flex-col items-end gap-2 whitespace-normal break-words text-start [.text-message+&amp;]:mt-5\" dir=\"auto\" data-message-author-role=\"assistant\" data-message-id=\"c86b9040-926c-4910-a4a3-69c67c40e063\" data-message-model-slug=\"gpt-4o-mini\">\n<div class=\"flex w-full flex-col gap-1 empty:hidden first:pt-[3px]\">\n<div class=\"markdown prose w-full break-words dark:prose-invert light\">\n<p data-start=\"0\" data-end=\"316\" data-is-last-node=\"\" data-is-only-node=\"\"><strong data-start=\"0\" data-end=\"76\" data-is-only-node=\"\">14 Zugangspunkte stehen auf der Halbinsel L\u00e8ge-Cap Ferret zur Verf\u00fcgung.<\/strong><br data-start=\"76\" data-end=\"79\" \/>Verbinden Sie sich einmal mit dem Netzwerk \u201eWiFi_Bassin_Arcachon\u201c, und die Verbindung erfolgt automatisch auf demselben Ger\u00e4t, jedes Mal, wenn Sie sich in der N\u00e4he eines unserer WiFi-Hotspots befinden, egal in welchem Dorf der Halbinsel.<\/p>\n<\/div>\n<\/div>\n<\/div>\n<\/div>\n<p>&nbsp;<\/p>\n            <\/div>\n            \t\t<\/div>\n                \t\t<figure class=\"wys-image__img\">\n            <img loading=\"lazy\" decoding=\"async\" width=\"1200\" height=\"800\" src=\"https:\/\/www.lege-capferret.com\/wp-content\/uploads\/2024\/06\/la-vigne-10-scaled.jpg\" class=\"img-cover\" alt=\"Deux copines se prennent en photos avec \u00e0 l&#039;arri\u00e8re plan le Bassin. \" srcset=\"https:\/\/www.lege-capferret.com\/wp-content\/uploads\/2024\/06\/la-vigne-10-scaled.jpg 2560w, https:\/\/www.lege-capferret.com\/wp-content\/uploads\/2024\/06\/la-vigne-10-300x200.jpg 300w, https:\/\/www.lege-capferret.com\/wp-content\/uploads\/2024\/06\/la-vigne-10-1700x1133.jpg 1700w, https:\/\/www.lege-capferret.com\/wp-content\/uploads\/2024\/06\/la-vigne-10-768x512.jpg 768w, https:\/\/www.lege-capferret.com\/wp-content\/uploads\/2024\/06\/la-vigne-10-1536x1024.jpg 1536w, https:\/\/www.lege-capferret.com\/wp-content\/uploads\/2024\/06\/la-vigne-10-2048x1365.jpg 2048w, https:\/\/www.lege-capferret.com\/wp-content\/uploads\/2024\/06\/la-vigne-10-650x433.jpg 650w, https:\/\/www.lege-capferret.com\/wp-content\/uploads\/2024\/06\/la-vigne-10-1260x840.jpg 1260w\" sizes=\"(max-width: 1200px) 100vw, 1200px\" \/>\t\t<\/figure>\n        \t<\/section>\n<\/div>\n\n\n<div class=\"container container--md module\">\n\t<section class=\"wys-image\" data-image-position=\"right\">\n        \t\t<div class=\"wysiwyg\">\n            <div class=\"wys\">\n              <h2 style=\"text-align: left;\">WiFi-Hotspots<\/h2>\n<h5>L\u00e8ge &#8211; Le Grand Crohot :<\/h5>\n<p>79 avenue de la Mairie, 33950 L\u00e8ge-Cap Ferret<\/p>\n<p>&nbsp;<\/p>\n<h5>Claouey &#8211; Le Four :<\/h5>\n<p>1 av du G\u00e9neral de Gaulle, 33950 L\u00e8ge-Cap Ferret<\/p>\n<p>Camping Les Pastourelles<\/p>\n<p>Avenue du Port, 33950 L\u00e8ge-Cap Ferret<\/p>\n<p>&nbsp;<\/p>\n<h5>Grand Piquey :<\/h5>\n<p>Rue Louis Gaume, 33970 L\u00e8ge-Cap-Ferret<\/p>\n<p>&nbsp;<\/p>\n<h5>Piraillan :<\/h5>\n<p>2 Bis Avenue Oc\u00e9an, 33950 L\u00e8ge-Cap-Ferret<\/p>\n<p>&nbsp;<\/p>\n<h5>Le Canon :<\/h5>\n<p>214 Route du Cap Ferret, 33950 L\u00e8ge-Cap-Ferret<\/p>\n<p>&nbsp;<\/p>\n<h5>L&#8217;Herbe :<\/h5>\n<p>36 Boulevard de la Plage, 33950 L\u00e8ge-Cap-Ferret<\/p>\n<p>&nbsp;<\/p>\n<h5>La Vigne :<\/h5>\n<p>2 avenue du Piquepoul, 33950 L\u00e8ge-Cap-Ferret<\/p>\n<p>&nbsp;<\/p>\n<h5>Le Cap Ferret :<\/h5>\n<p>Boulevard de la plage, 33950 L\u00e8ge-Cap-Ferret<\/p>\n<p>Rue de la foresti\u00e8re, 33950 L\u00e8ge-Cap-Ferret<\/p>\n<p>4 promenade Tour du Phare, 33950 L\u00e8ge-Cap-Ferret<\/p>\n<p>Place des Boulistes, 33950 L\u00e8ge-Cap-Ferret<\/p>\n<p>12 avenue de l&#8217;oc\u00e9an, 33970 L\u00e8ge-Cap-Ferret<\/p>\n<p>Avenue de la Conche, 33970 L\u00e8ge-Cap Ferret<\/p>\n            <\/div>\n            \t\t<\/div>\n                \t\t<figure class=\"wys-image__img\">\n            <img loading=\"lazy\" decoding=\"async\" width=\"773\" height=\"1280\" src=\"https:\/\/www.lege-capferret.com\/wp-content\/uploads\/2024\/07\/2Map-wifi-scaled.jpg\" class=\"img-cover\" alt=\"Maps wifi sur le bassin\" srcset=\"https:\/\/www.lege-capferret.com\/wp-content\/uploads\/2024\/07\/2Map-wifi-scaled.jpg 1546w, https:\/\/www.lege-capferret.com\/wp-content\/uploads\/2024\/07\/2Map-wifi-181x300.jpg 181w, https:\/\/www.lege-capferret.com\/wp-content\/uploads\/2024\/07\/2Map-wifi-768x1272.jpg 768w, https:\/\/www.lege-capferret.com\/wp-content\/uploads\/2024\/07\/2Map-wifi-928x1536.jpg 928w, https:\/\/www.lege-capferret.com\/wp-content\/uploads\/2024\/07\/2Map-wifi-1237x2048.jpg 1237w, https:\/\/www.lege-capferret.com\/wp-content\/uploads\/2024\/07\/2Map-wifi-300x497.jpg 300w, https:\/\/www.lege-capferret.com\/wp-content\/uploads\/2024\/07\/2Map-wifi-650x1076.jpg 650w\" sizes=\"(max-width: 773px) 100vw, 773px\" \/>\t\t<\/figure>\n        \t<\/section>\n<\/div>\n","protected":false},"excerpt":{"rendered":"","protected":false},"author":2,"featured_media":0,"parent":0,"menu_order":0,"comment_status":"closed","ping_status":"closed","template":"","meta":{"footnotes":""},"acf":[],"yoast_head":"<!-- This site is optimized with the Yoast SEO plugin v22.4 - https:\/\/yoast.com\/wordpress\/plugins\/seo\/ -->\n<title>Wifi - L\u00e8ge-Cap Ferret<\/title>\n<meta name=\"description\" content=\"14 WiFi-Zugangspunkte auf der Halbinsel erm\u00f6glichen Ihnen eine einfache Verbindung \u00fcberall. Verbinden Sie sich einmal und bleiben Sie immer online.\" \/>\n<meta name=\"robots\" content=\"index, follow, max-snippet:-1, max-image-preview:large, max-video-preview:-1\" \/>\n<link rel=\"canonical\" href=\"https:\/\/www.lege-capferret.com\/de\/wifi\/\" \/>\n<meta property=\"og:locale\" content=\"de_DE\" \/>\n<meta property=\"og:type\" content=\"article\" \/>\n<meta property=\"og:title\" content=\"Wifi - L\u00e8ge-Cap Ferret\" \/>\n<meta property=\"og:description\" content=\"14 WiFi-Zugangspunkte auf der Halbinsel erm\u00f6glichen Ihnen eine einfache Verbindung \u00fcberall. Verbinden Sie sich einmal und bleiben Sie immer online.\" \/>\n<meta property=\"og:url\" content=\"https:\/\/www.lege-capferret.com\/de\/wifi\/\" \/>\n<meta property=\"og:site_name\" content=\"L\u00e8ge-Cap Ferret\" \/>\n<meta property=\"article:modified_time\" content=\"2025-03-14T11:19:17+00:00\" \/>\n<meta name=\"twitter:card\" content=\"summary_large_image\" \/>\n<meta name=\"twitter:label1\" content=\"Gesch\u00e4tzte Lesezeit\" \/>\n\t<meta name=\"twitter:data1\" content=\"2\u00a0Minuten\" \/>\n<script type=\"application\/ld+json\" class=\"yoast-schema-graph\">{\"@context\":\"https:\/\/schema.org\",\"@graph\":[{\"@type\":\"WebPage\",\"@id\":\"https:\/\/www.lege-capferret.com\/de\/wifi\/\",\"url\":\"https:\/\/www.lege-capferret.com\/de\/wifi\/\",\"name\":\"Wifi - L\u00e8ge-Cap Ferret\",\"isPartOf\":{\"@id\":\"https:\/\/www.lege-capferret.com\/de\/#website\"},\"datePublished\":\"2024-06-21T09:23:17+00:00\",\"dateModified\":\"2025-03-14T11:19:17+00:00\",\"description\":\"14 WiFi-Zugangspunkte auf der Halbinsel erm\u00f6glichen Ihnen eine einfache Verbindung \u00fcberall. Verbinden Sie sich einmal und bleiben Sie immer online.\",\"breadcrumb\":{\"@id\":\"https:\/\/www.lege-capferret.com\/de\/wifi\/#breadcrumb\"},\"inLanguage\":\"de\",\"potentialAction\":[{\"@type\":\"ReadAction\",\"target\":[\"https:\/\/www.lege-capferret.com\/de\/wifi\/\"]}]},{\"@type\":\"BreadcrumbList\",\"@id\":\"https:\/\/www.lege-capferret.com\/de\/wifi\/#breadcrumb\",\"itemListElement\":[{\"@type\":\"ListItem\",\"position\":1,\"name\":\"Home\",\"item\":\"https:\/\/www.lege-capferret.com\/de\/\"},{\"@type\":\"ListItem\",\"position\":2,\"name\":\"Wifi\"}]},{\"@type\":\"WebSite\",\"@id\":\"https:\/\/www.lege-capferret.com\/de\/#website\",\"url\":\"https:\/\/www.lege-capferret.com\/de\/\",\"name\":\"L\u00e8ge-Cap-Ferret\",\"description\":\"\",\"potentialAction\":[{\"@type\":\"SearchAction\",\"target\":{\"@type\":\"EntryPoint\",\"urlTemplate\":\"https:\/\/www.lege-capferret.com\/de\/?s={search_term_string}\"},\"query-input\":\"required name=search_term_string\"}],\"inLanguage\":\"de\"}]}<\/script>\n<!-- \/ Yoast SEO plugin. -->","yoast_head_json":{"title":"Wifi - L\u00e8ge-Cap Ferret","description":"14 WiFi-Zugangspunkte auf der Halbinsel erm\u00f6glichen Ihnen eine einfache Verbindung \u00fcberall. Verbinden Sie sich einmal und bleiben Sie immer online.","robots":{"index":"index","follow":"follow","max-snippet":"max-snippet:-1","max-image-preview":"max-image-preview:large","max-video-preview":"max-video-preview:-1"},"canonical":"https:\/\/www.lege-capferret.com\/de\/wifi\/","og_locale":"de_DE","og_type":"article","og_title":"Wifi - L\u00e8ge-Cap Ferret","og_description":"14 WiFi-Zugangspunkte auf der Halbinsel erm\u00f6glichen Ihnen eine einfache Verbindung \u00fcberall. Verbinden Sie sich einmal und bleiben Sie immer online.","og_url":"https:\/\/www.lege-capferret.com\/de\/wifi\/","og_site_name":"L\u00e8ge-Cap Ferret","article_modified_time":"2025-03-14T11:19:17+00:00","twitter_card":"summary_large_image","twitter_misc":{"Gesch\u00e4tzte Lesezeit":"2\u00a0Minuten"},"schema":{"@context":"https:\/\/schema.org","@graph":[{"@type":"WebPage","@id":"https:\/\/www.lege-capferret.com\/de\/wifi\/","url":"https:\/\/www.lege-capferret.com\/de\/wifi\/","name":"Wifi - L\u00e8ge-Cap Ferret","isPartOf":{"@id":"https:\/\/www.lege-capferret.com\/de\/#website"},"datePublished":"2024-06-21T09:23:17+00:00","dateModified":"2025-03-14T11:19:17+00:00","description":"14 WiFi-Zugangspunkte auf der Halbinsel erm\u00f6glichen Ihnen eine einfache Verbindung \u00fcberall. Verbinden Sie sich einmal und bleiben Sie immer online.","breadcrumb":{"@id":"https:\/\/www.lege-capferret.com\/de\/wifi\/#breadcrumb"},"inLanguage":"de","potentialAction":[{"@type":"ReadAction","target":["https:\/\/www.lege-capferret.com\/de\/wifi\/"]}]},{"@type":"BreadcrumbList","@id":"https:\/\/www.lege-capferret.com\/de\/wifi\/#breadcrumb","itemListElement":[{"@type":"ListItem","position":1,"name":"Home","item":"https:\/\/www.lege-capferret.com\/de\/"},{"@type":"ListItem","position":2,"name":"Wifi"}]},{"@type":"WebSite","@id":"https:\/\/www.lege-capferret.com\/de\/#website","url":"https:\/\/www.lege-capferret.com\/de\/","name":"L\u00e8ge-Cap-Ferret","description":"","potentialAction":[{"@type":"SearchAction","target":{"@type":"EntryPoint","urlTemplate":"https:\/\/www.lege-capferret.com\/de\/?s={search_term_string}"},"query-input":"required name=search_term_string"}],"inLanguage":"de"}]}},"_links":{"self":[{"href":"https:\/\/www.lege-capferret.com\/de\/wp-json\/wp\/v2\/pages\/28753"}],"collection":[{"href":"https:\/\/www.lege-capferret.com\/de\/wp-json\/wp\/v2\/pages"}],"about":[{"href":"https:\/\/www.lege-capferret.com\/de\/wp-json\/wp\/v2\/types\/page"}],"author":[{"embeddable":true,"href":"https:\/\/www.lege-capferret.com\/de\/wp-json\/wp\/v2\/users\/2"}],"replies":[{"embeddable":true,"href":"https:\/\/www.lege-capferret.com\/de\/wp-json\/wp\/v2\/comments?post=28753"}],"version-history":[{"count":3,"href":"https:\/\/www.lege-capferret.com\/de\/wp-json\/wp\/v2\/pages\/28753\/revisions"}],"predecessor-version":[{"id":28773,"href":"https:\/\/www.lege-capferret.com\/de\/wp-json\/wp\/v2\/pages\/28753\/revisions\/28773"}],"wp:attachment":[{"href":"https:\/\/www.lege-capferret.com\/de\/wp-json\/wp\/v2\/media?parent=28753"}],"curies":[{"name":"wp","href":"https:\/\/api.w.org\/{rel}","templated":true}]}}