{"id":28729,"date":"2024-05-15T12:17:47","date_gmt":"2024-05-15T10:17:47","guid":{"rendered":"https:\/\/www.lege-capferret.com\/?page_id=28729"},"modified":"2025-03-14T11:16:09","modified_gmt":"2025-03-14T10:16:09","slug":"kontaktieren-sie-uns","status":"publish","type":"page","link":"https:\/\/www.lege-capferret.com\/de\/kontaktieren-sie-uns\/","title":{"rendered":"Contactez nous"},"content":{"rendered":"\n<div class=\"container container--sm module\">\n\t<section class=\"wysiwyg\">\n        <div class=\"wys\">\n            <h2 style=\"text-align: center;\" data-start=\"0\" data-end=\"24\"><strong data-start=\"0\" data-end=\"22\">TERMINVEREINBARUNG<\/strong><\/h2>\n<h3 style=\"text-align: center;\" data-start=\"26\" data-end=\"84\"><strong data-start=\"26\" data-end=\"51\">IM FREMDENVERKEHRSAMT<\/strong><br data-start=\"51\" data-end=\"54\" \/><strong data-start=\"54\" data-end=\"82\">VOR ORT UND TELEFONISCH:<\/strong><\/h3>\n<p style=\"text-align: center;\" data-start=\"86\" data-end=\"141\"><strong>Unsere Berater stehen Ihnen in Claouey zur Verf\u00fcgung:<\/strong><\/p>\n<p style=\"text-align: center;\" data-start=\"143\" data-end=\"274\">Montag bis Samstag von 9:00 bis 18:30 Uhr und Sonntag von 10:00 bis 13:00 Uhr sowie von 15:00 bis 18:30 Uhr.<br data-start=\"251\" data-end=\"254\" \/><strong data-start=\"254\" data-end=\"272\">05 56 03 94 49<\/strong><\/p>\n<p style=\"text-align: center;\" data-start=\"276\" data-end=\"349\"><strong>Unsere Berater empfangen Sie auch in Cap Ferret (12 Avenue de l\u2019Oc\u00e9an):<\/strong><\/p>\n<p style=\"text-align: center;\" data-start=\"351\" data-end=\"385\">T\u00e4glich von 10:00 bis 19:00 Uhr.<\/p>\n<p style=\"text-align: center;\" data-start=\"387\" data-end=\"572\" data-is-last-node=\"\" data-is-only-node=\"\">Mit dem G\u00fctesiegel <strong data-start=\"406\" data-end=\"427\">Qualit\u00e9 Tourisme\u2122<\/strong> verpflichtet sich das Fremdenverkehrsamt von L\u00e8ge-Cap Ferret, die wesentlichen Anforderungen zu erf\u00fcllen, um Ihre Zufriedenheit sicherzustellen.<\/p>\n        <\/div>\n        \t<\/section>\n<\/div>\n","protected":false},"excerpt":{"rendered":"","protected":false},"author":1,"featured_media":4593,"parent":0,"menu_order":0,"comment_status":"closed","ping_status":"closed","template":"page-contact.php","meta":{"footnotes":""},"acf":[],"yoast_head":"<!-- This site is optimized with the Yoast SEO plugin v22.4 - https:\/\/yoast.com\/wordpress\/plugins\/seo\/ -->\n<title>Contactez nous - L\u00e8ge-Cap Ferret<\/title>\n<meta name=\"description\" content=\"F\u00fcr alle Ihre Fragen, Informationsanfragen oder Vorschl\u00e4ge stehen wir Ihnen gerne zur Verf\u00fcgung und helfen Ihnen weiter!\" \/>\n<meta name=\"robots\" content=\"index, follow, max-snippet:-1, max-image-preview:large, max-video-preview:-1\" \/>\n<link rel=\"canonical\" href=\"https:\/\/www.lege-capferret.com\/de\/kontaktieren-sie-uns\/\" \/>\n<meta property=\"og:locale\" content=\"de_DE\" \/>\n<meta property=\"og:type\" content=\"article\" \/>\n<meta property=\"og:title\" content=\"Contactez nous - L\u00e8ge-Cap Ferret\" \/>\n<meta property=\"og:description\" content=\"F\u00fcr alle Ihre Fragen, Informationsanfragen oder Vorschl\u00e4ge stehen wir Ihnen gerne zur Verf\u00fcgung und helfen Ihnen weiter!\" \/>\n<meta property=\"og:url\" content=\"https:\/\/www.lege-capferret.com\/de\/kontaktieren-sie-uns\/\" \/>\n<meta property=\"og:site_name\" content=\"L\u00e8ge-Cap Ferret\" \/>\n<meta property=\"article:modified_time\" content=\"2025-03-14T10:16:09+00:00\" \/>\n<meta property=\"og:image\" content=\"https:\/\/www.lege-capferret.com\/wp-content\/uploads\/2024\/06\/AB7A1724-scaled.jpg\" \/>\n\t<meta property=\"og:image:width\" content=\"2560\" \/>\n\t<meta property=\"og:image:height\" content=\"2415\" \/>\n\t<meta property=\"og:image:type\" content=\"image\/jpeg\" \/>\n<meta name=\"twitter:card\" content=\"summary_large_image\" \/>\n<meta name=\"twitter:label1\" content=\"Gesch\u00e4tzte Lesezeit\" \/>\n\t<meta name=\"twitter:data1\" content=\"1\u00a0Minute\" \/>\n<script type=\"application\/ld+json\" class=\"yoast-schema-graph\">{\"@context\":\"https:\/\/schema.org\",\"@graph\":[{\"@type\":\"WebPage\",\"@id\":\"https:\/\/www.lege-capferret.com\/de\/kontaktieren-sie-uns\/\",\"url\":\"https:\/\/www.lege-capferret.com\/de\/kontaktieren-sie-uns\/\",\"name\":\"Contactez nous - L\u00e8ge-Cap Ferret\",\"isPartOf\":{\"@id\":\"https:\/\/www.lege-capferret.com\/de\/#website\"},\"primaryImageOfPage\":{\"@id\":\"https:\/\/www.lege-capferret.com\/de\/kontaktieren-sie-uns\/#primaryimage\"},\"image\":{\"@id\":\"https:\/\/www.lege-capferret.com\/de\/kontaktieren-sie-uns\/#primaryimage\"},\"thumbnailUrl\":\"https:\/\/www.lege-capferret.com\/wp-content\/uploads\/2024\/06\/AB7A1724-scaled.jpg\",\"datePublished\":\"2024-05-15T10:17:47+00:00\",\"dateModified\":\"2025-03-14T10:16:09+00:00\",\"description\":\"F\u00fcr alle Ihre Fragen, Informationsanfragen oder Vorschl\u00e4ge stehen wir Ihnen gerne zur Verf\u00fcgung und helfen Ihnen weiter!\",\"breadcrumb\":{\"@id\":\"https:\/\/www.lege-capferret.com\/de\/kontaktieren-sie-uns\/#breadcrumb\"},\"inLanguage\":\"de\",\"potentialAction\":[{\"@type\":\"ReadAction\",\"target\":[\"https:\/\/www.lege-capferret.com\/de\/kontaktieren-sie-uns\/\"]}]},{\"@type\":\"ImageObject\",\"inLanguage\":\"de\",\"@id\":\"https:\/\/www.lege-capferret.com\/de\/kontaktieren-sie-uns\/#primaryimage\",\"url\":\"https:\/\/www.lege-capferret.com\/wp-content\/uploads\/2024\/06\/AB7A1724-scaled.jpg\",\"contentUrl\":\"https:\/\/www.lege-capferret.com\/wp-content\/uploads\/2024\/06\/AB7A1724-scaled.jpg\",\"width\":2560,\"height\":2415,\"caption\":\"devanture\"},{\"@type\":\"BreadcrumbList\",\"@id\":\"https:\/\/www.lege-capferret.com\/de\/kontaktieren-sie-uns\/#breadcrumb\",\"itemListElement\":[{\"@type\":\"ListItem\",\"position\":1,\"name\":\"Home\",\"item\":\"https:\/\/www.lege-capferret.com\/de\/\"},{\"@type\":\"ListItem\",\"position\":2,\"name\":\"Contactez nous\"}]},{\"@type\":\"WebSite\",\"@id\":\"https:\/\/www.lege-capferret.com\/de\/#website\",\"url\":\"https:\/\/www.lege-capferret.com\/de\/\",\"name\":\"L\u00e8ge-Cap-Ferret\",\"description\":\"\",\"potentialAction\":[{\"@type\":\"SearchAction\",\"target\":{\"@type\":\"EntryPoint\",\"urlTemplate\":\"https:\/\/www.lege-capferret.com\/de\/?s={search_term_string}\"},\"query-input\":\"required name=search_term_string\"}],\"inLanguage\":\"de\"}]}<\/script>\n<!-- \/ Yoast SEO plugin. -->","yoast_head_json":{"title":"Contactez nous - L\u00e8ge-Cap Ferret","description":"F\u00fcr alle Ihre Fragen, Informationsanfragen oder Vorschl\u00e4ge stehen wir Ihnen gerne zur Verf\u00fcgung und helfen Ihnen weiter!","robots":{"index":"index","follow":"follow","max-snippet":"max-snippet:-1","max-image-preview":"max-image-preview:large","max-video-preview":"max-video-preview:-1"},"canonical":"https:\/\/www.lege-capferret.com\/de\/kontaktieren-sie-uns\/","og_locale":"de_DE","og_type":"article","og_title":"Contactez nous - L\u00e8ge-Cap Ferret","og_description":"F\u00fcr alle Ihre Fragen, Informationsanfragen oder Vorschl\u00e4ge stehen wir Ihnen gerne zur Verf\u00fcgung und helfen Ihnen weiter!","og_url":"https:\/\/www.lege-capferret.com\/de\/kontaktieren-sie-uns\/","og_site_name":"L\u00e8ge-Cap Ferret","article_modified_time":"2025-03-14T10:16:09+00:00","og_image":[{"width":2560,"height":2415,"url":"https:\/\/www.lege-capferret.com\/wp-content\/uploads\/2024\/06\/AB7A1724-scaled.jpg","type":"image\/jpeg"}],"twitter_card":"summary_large_image","twitter_misc":{"Gesch\u00e4tzte Lesezeit":"1\u00a0Minute"},"schema":{"@context":"https:\/\/schema.org","@graph":[{"@type":"WebPage","@id":"https:\/\/www.lege-capferret.com\/de\/kontaktieren-sie-uns\/","url":"https:\/\/www.lege-capferret.com\/de\/kontaktieren-sie-uns\/","name":"Contactez nous - L\u00e8ge-Cap Ferret","isPartOf":{"@id":"https:\/\/www.lege-capferret.com\/de\/#website"},"primaryImageOfPage":{"@id":"https:\/\/www.lege-capferret.com\/de\/kontaktieren-sie-uns\/#primaryimage"},"image":{"@id":"https:\/\/www.lege-capferret.com\/de\/kontaktieren-sie-uns\/#primaryimage"},"thumbnailUrl":"https:\/\/www.lege-capferret.com\/wp-content\/uploads\/2024\/06\/AB7A1724-scaled.jpg","datePublished":"2024-05-15T10:17:47+00:00","dateModified":"2025-03-14T10:16:09+00:00","description":"F\u00fcr alle Ihre Fragen, Informationsanfragen oder Vorschl\u00e4ge stehen wir Ihnen gerne zur Verf\u00fcgung und helfen Ihnen weiter!","breadcrumb":{"@id":"https:\/\/www.lege-capferret.com\/de\/kontaktieren-sie-uns\/#breadcrumb"},"inLanguage":"de","potentialAction":[{"@type":"ReadAction","target":["https:\/\/www.lege-capferret.com\/de\/kontaktieren-sie-uns\/"]}]},{"@type":"ImageObject","inLanguage":"de","@id":"https:\/\/www.lege-capferret.com\/de\/kontaktieren-sie-uns\/#primaryimage","url":"https:\/\/www.lege-capferret.com\/wp-content\/uploads\/2024\/06\/AB7A1724-scaled.jpg","contentUrl":"https:\/\/www.lege-capferret.com\/wp-content\/uploads\/2024\/06\/AB7A1724-scaled.jpg","width":2560,"height":2415,"caption":"devanture"},{"@type":"BreadcrumbList","@id":"https:\/\/www.lege-capferret.com\/de\/kontaktieren-sie-uns\/#breadcrumb","itemListElement":[{"@type":"ListItem","position":1,"name":"Home","item":"https:\/\/www.lege-capferret.com\/de\/"},{"@type":"ListItem","position":2,"name":"Contactez nous"}]},{"@type":"WebSite","@id":"https:\/\/www.lege-capferret.com\/de\/#website","url":"https:\/\/www.lege-capferret.com\/de\/","name":"L\u00e8ge-Cap-Ferret","description":"","potentialAction":[{"@type":"SearchAction","target":{"@type":"EntryPoint","urlTemplate":"https:\/\/www.lege-capferret.com\/de\/?s={search_term_string}"},"query-input":"required name=search_term_string"}],"inLanguage":"de"}]}},"_links":{"self":[{"href":"https:\/\/www.lege-capferret.com\/de\/wp-json\/wp\/v2\/pages\/28729"}],"collection":[{"href":"https:\/\/www.lege-capferret.com\/de\/wp-json\/wp\/v2\/pages"}],"about":[{"href":"https:\/\/www.lege-capferret.com\/de\/wp-json\/wp\/v2\/types\/page"}],"author":[{"embeddable":true,"href":"https:\/\/www.lege-capferret.com\/de\/wp-json\/wp\/v2\/users\/1"}],"replies":[{"embeddable":true,"href":"https:\/\/www.lege-capferret.com\/de\/wp-json\/wp\/v2\/comments?post=28729"}],"version-history":[{"count":6,"href":"https:\/\/www.lege-capferret.com\/de\/wp-json\/wp\/v2\/pages\/28729\/revisions"}],"predecessor-version":[{"id":28747,"href":"https:\/\/www.lege-capferret.com\/de\/wp-json\/wp\/v2\/pages\/28729\/revisions\/28747"}],"wp:featuredmedia":[{"embeddable":true,"href":"https:\/\/www.lege-capferret.com\/de\/wp-json\/wp\/v2\/media\/4593"}],"wp:attachment":[{"href":"https:\/\/www.lege-capferret.com\/de\/wp-json\/wp\/v2\/media?parent=28729"}],"curies":[{"name":"wp","href":"https:\/\/api.w.org\/{rel}","templated":true}]}}