{"id":28720,"date":"2024-06-21T10:18:52","date_gmt":"2024-06-21T08:18:52","guid":{"rendered":"https:\/\/www.lege-capferret.com\/?page_id=28720"},"modified":"2025-12-25T07:36:36","modified_gmt":"2025-12-25T06:36:36","slug":"nach-lege-cap-ferret-kommen","status":"publish","type":"page","link":"https:\/\/www.lege-capferret.com\/de\/nach-lege-cap-ferret-kommen\/","title":{"rendered":"Nach L\u00e8ge-Cap Ferret kommen"},"content":{"rendered":"    <section class=\"hero editorial__hero\">\n        <div class=\"container container--lg hero__inner\" anim-zoom>\n            <img loading=\"lazy\" decoding=\"async\" width=\"2560\" height=\"1440\" src=\"https:\/\/www.lege-capferret.com\/wp-content\/uploads\/2024\/06\/cap-ferret-88-2560x1440.jpg\" class=\"img-cover\" alt=\"Une fille s&#039;amuse au bord du Bassin.\" \/>        <\/div>\n    <\/section>\n\n\n\n\n\n\n<div class=\"container container--sm module\">\n    <section class=\"wysiwyg\">\n        <div class=\"wys\">\n            <ul>\n                        <li><a href=\"#Auto\">Mit dem Auto kommen<\/a><\/li>\n                                     <li><a href=\"#Flugzeug\">Mit dem Flugzeug kommen<\/a><\/li>\n                                     <li><a href=\"#Zug\">Mit dem Zug kommen<\/a><\/li>\n                                     <li><a href=\"#Boot\">Mit dem Boot kommen<\/a><\/li>\n                                     <li><a href=\"#Bus\">Mit dem Bus kommen<\/a><\/li>\n                     \n            <\/ul>\n        <\/div>\n    <\/section>\n<\/div>\n\n    \n\n\n\n<a name=\"Auto\" id=\"Auto\"><\/a>\n\n\n<div class=\"container container--md module\">\n\t<section class=\"wys-image\" data-image-position=\"left\">\n        \t\t<div class=\"wysiwyg\">\n            <div class=\"wys\">\n              <h2 data-start=\"0\" data-end=\"23\"><strong data-start=\"0\" data-end=\"23\">Mit dem Auto kommen<\/strong><\/h2>\n<p data-start=\"25\" data-end=\"107\">Kommen Sie mit dem Auto auf die Halbinsel oder denken Sie an Mitfahrgelegenheiten.<\/p>\n<p data-start=\"109\" data-end=\"244\">Vergessen Sie nicht, die Mitfahrgelegenheit zu nutzen. Besuchen Sie die Mitfahrportale, um eine Fahrt zu finden oder Pl\u00e4tze anzubieten.<\/p>\n<p data-start=\"246\" data-end=\"382\">Brauchen Sie ein Taxi in L\u00e8ge-Cap Ferret?<br data-start=\"287\" data-end=\"290\" \/>Hier finden Sie die Kontakte der wichtigsten Taxiunternehmen f\u00fcr Ihre Fahrten in der Region:<\/p>\n<p>Taxi de L\u00e8ge: +33 6 11 28 64 72<\/p>\n<p>Taxi du Cap Ferret: +33 6 11 41 09 78<\/p>\n<p>Cap Ferret V Drive: +33 6 33 00 51 65<\/p>\n<p>Pomeroy Nicolas: +33 6 01 45 81 88<\/p>\n<p>Tramoto: +33 6 31 86 63 12<\/p>\n<p data-start=\"573\" data-end=\"718\" data-is-last-node=\"\" data-is-only-node=\"\">Ob f\u00fcr eine schnelle Fahrt oder eine l\u00e4ngere Strecke, diese Taxi-Dienste begleiten Sie bei all Ihren Fahrten in L\u00e8ge-Cap Ferret und der Umgebung.<\/p>\n            <\/div>\n            \t\t\t<a href=\"https:\/\/www.google.fr\/maps\/dir\/''\/ot+claouey\/@44.7468193,-1.2639607,12z\/data=!4m8!4m7!1m0!1m5!1m1!1s0xd54a0e664142793:0x3f6ce8b38a932211!2m2!1d-1.1815601!2d44.7468489?entry=ttu\"   class=\"btn btn--primary wysiwyg__btn\">Ihre Route planen<\/a>\n            \t\t<\/div>\n                \t\t<figure class=\"wys-image__img\">\n            <img loading=\"lazy\" decoding=\"async\" width=\"1200\" height=\"800\" src=\"https:\/\/www.lege-capferret.com\/wp-content\/uploads\/2024\/06\/couple-backpacks-trunk-with-copy-space-scaled.jpg\" class=\"img-cover\" alt=\"Couple backpacks \" srcset=\"https:\/\/www.lege-capferret.com\/wp-content\/uploads\/2024\/06\/couple-backpacks-trunk-with-copy-space-scaled.jpg 2560w, https:\/\/www.lege-capferret.com\/wp-content\/uploads\/2024\/06\/couple-backpacks-trunk-with-copy-space-300x200.jpg 300w\" sizes=\"(max-width: 1200px) 100vw, 1200px\" \/>\t\t<\/figure>\n        \t<\/section>\n<\/div>\n\n\n\n<a name=\"Flugzeug\" id=\"Flugzeug\"><\/a>\n\n\n<div class=\"container container--md module\">\n\t<section class=\"wys-image\" data-image-position=\"right\">\n        \t\t<div class=\"wysiwyg\">\n            <div class=\"wys\">\n              <h2 data-start=\"0\" data-end=\"27\"><strong data-start=\"0\" data-end=\"27\">Mit dem Flugzeug kommen<\/strong><\/h2>\n<p data-start=\"29\" data-end=\"90\">LANDEN SIE WENIGER ALS EINE STUNDE VON DER HALBINSEL ENTFERNT<\/p>\n<p data-start=\"92\" data-end=\"213\">Fliegen Sie aus Frankreich oder anderen europ\u00e4ischen L\u00e4ndern und erreichen Sie die Halbinsel \u00fcber den Flughafen M\u00e9rignac.<\/p>\n<p data-start=\"215\" data-end=\"262\"><strong data-start=\"215\" data-end=\"262\">NACH IHRER ANKUNFT AM FLUGHAFEN K\u00d6NNEN SIE:<\/strong><\/p>\n<ul data-start=\"264\" data-end=\"610\" data-is-last-node=\"\" data-is-only-node=\"\">\n<li data-start=\"264\" data-end=\"374\"><strong data-start=\"266\" data-end=\"286\"><a href=\"https:\/\/www.bordeaux.aeroport.fr\/commerces-services\/location-voitures\">Ein Auto mieten<\/a>:<\/strong> W\u00e4hlen Sie das Modell f\u00fcr Ihren Urlaub und mieten Sie Ihr Fahrzeug direkt am Flughafen.<\/li>\n<li data-start=\"375\" data-end=\"517\"><strong data-start=\"377\" data-end=\"396\"><a href=\"https:\/\/www.bordeaux.aeroport.fr\/acces-transports\/taxis\">Ein Taxi rufen<\/a>:<\/strong> Lassen Sie sich am Flughafen abholen, inklusive Gep\u00e4cktransport, und lassen Sie sich direkt zu Ihrem Urlaubsziel fahren.<\/li>\n<li data-start=\"518\" data-end=\"610\" data-is-last-node=\"\"><strong data-start=\"520\" data-end=\"539\"><a href=\"https:\/\/transports.nouvelle-aquitaine.fr\/modalis\">Den Bus nehmen<\/a>:<\/strong> Fahren Sie mit den Bussen des Departements von M\u00e9rignac zur Halbinsel.<\/li>\n<\/ul>\n            <\/div>\n            \t\t\t<a href=\"https:\/\/www.bordeaux.aeroport.fr\/\"   class=\"btn btn--primary wysiwyg__btn\">Zur Website des Flughafens<\/a>\n            \t\t<\/div>\n                \t\t<figure class=\"wys-image__img\">\n            <img loading=\"lazy\" decoding=\"async\" width=\"1200\" height=\"800\" src=\"https:\/\/www.lege-capferret.com\/wp-content\/uploads\/2024\/06\/little-girl-with-suitcase-airport-scaled.jpg\" class=\"img-cover\" alt=\"Child at the airport. Little girl with a suitcase. Girl in brown coat.\" srcset=\"https:\/\/www.lege-capferret.com\/wp-content\/uploads\/2024\/06\/little-girl-with-suitcase-airport-scaled.jpg 2560w, https:\/\/www.lege-capferret.com\/wp-content\/uploads\/2024\/06\/little-girl-with-suitcase-airport-300x200.jpg 300w\" sizes=\"(max-width: 1200px) 100vw, 1200px\" \/>\t\t<\/figure>\n        \t<\/section>\n<\/div>\n\n\n\n<a name=\"Zug\" id=\"Zug\"><\/a>\n\n\n<div class=\"container container--md module\">\n\t<section class=\"wys-image\" data-image-position=\"left\">\n        \t\t<div class=\"wysiwyg\">\n            <div class=\"wys\">\n              <div class=\"flex max-w-full flex-col flex-grow\">\n<div class=\"min-h-8 text-message relative flex w-full flex-col items-end gap-2 whitespace-normal break-words text-start [.text-message+&amp;]:mt-5\" dir=\"auto\" data-message-author-role=\"assistant\" data-message-id=\"23cc5520-251d-4297-9057-d782d29b79e2\" data-message-model-slug=\"gpt-4o-mini\">\n<div class=\"flex w-full flex-col gap-1 empty:hidden first:pt-[3px]\">\n<div class=\"markdown prose w-full break-words dark:prose-invert light\">\n<h2 data-start=\"0\" data-end=\"22\"><strong data-start=\"0\" data-end=\"22\">Mit dem Zug kommen<\/strong><\/h2>\n<p data-start=\"24\" data-end=\"67\">KOMMEN SIE DIREKT MIT DEM ZUG NACH ARCACHON<\/p>\n<p data-start=\"69\" data-end=\"164\" data-is-last-node=\"\" data-is-only-node=\"\">Vom Bahnhof Arcachon aus k\u00f6nnen Sie Anschlussverbindungen nehmen, um zur Halbinsel zu gelangen<\/p>\n<\/div>\n<\/div>\n<\/div>\n<\/div>\n            <\/div>\n            \t\t\t<a href=\"https:\/\/www.sncf-connect.com\/\"   class=\"btn btn--primary wysiwyg__btn\">Planen Sie Ihre Reise mit Voyages-SNCF.com<\/a>\n            \t\t<\/div>\n                \t\t<figure class=\"wys-image__img\">\n            <img loading=\"lazy\" decoding=\"async\" width=\"1\" height=\"1\" src=\"https:\/\/www.lege-capferret.com\/wp-content\/uploads\/2024\/06\/mid-shot-woman-with-backpack-train.jpg\" class=\"img-cover\" alt=\"woman with backpack in train\" \/>\t\t<\/figure>\n        \t<\/section>\n<\/div>\n\n\n\n<a name=\"Boot\" id=\"Boot\"><\/a>\n\n\n<div class=\"container container--md module\">\n\t<section class=\"wys-image\" data-image-position=\"right\">\n        \t\t<div class=\"wysiwyg\">\n            <div class=\"wys\">\n              <h2 data-start=\"0\" data-end=\"23\"><strong data-start=\"0\" data-end=\"23\">Mit dem Boot kommen<\/strong><\/h2>\n<p data-start=\"25\" data-end=\"70\">STARTEN SIE IHREN URLAUB MIT EINEM TAXI-BOOT:<\/p>\n<ul data-start=\"72\" data-end=\"119\">\n<li data-start=\"72\" data-end=\"87\"><a href=\"https:\/\/www.lege-capferret.com\/de\/activite\/batexpress-2\/\">Bat Express<\/a><\/li>\n<li data-start=\"88\" data-end=\"102\"><a href=\"https:\/\/www.lege-capferret.com\/de\/activite\/bateau-taxi-le-passeur\/\">La Passeur<\/a><\/li>\n<li data-start=\"103\" data-end=\"119\"><a href=\"https:\/\/www.lege-capferret.com\/de\/?post_type=activite&#038;p=11592\">Allo \u00e0 l&#8217;eau<\/a><\/li>\n<\/ul>\n<p data-start=\"121\" data-end=\"158\">ODER MIT DEN F\u00c4HREN DES ARCACHON-SEE:<\/p>\n<ul data-start=\"160\" data-end=\"183\" data-is-last-node=\"\" data-is-only-node=\"\">\n<li data-start=\"160\" data-end=\"167\"><a href=\"https:\/\/bateliers-arcachon.com\/\">UBA<\/a><\/li>\n<li data-start=\"168\" data-end=\"183\" data-is-last-node=\"\"><a href=\"https:\/\/passemaree.fr\/bateau-andernos-arcachon-cap-ferret\/\">Passe Mar\u00e9e<\/a><\/li>\n<\/ul>\n            <\/div>\n            \t\t<\/div>\n                \t\t<figure class=\"wys-image__img\">\n            <img loading=\"lazy\" decoding=\"async\" width=\"1200\" height=\"800\" src=\"https:\/\/www.lege-capferret.com\/wp-content\/uploads\/2024\/06\/dune-pilat-lege-cap-ferret-agence-les-conteurs-24.jpg\" class=\"img-cover\" alt=\"Couples dans un bateau pour traverser le bassin\" srcset=\"https:\/\/www.lege-capferret.com\/wp-content\/uploads\/2024\/06\/dune-pilat-lege-cap-ferret-agence-les-conteurs-24.jpg 2250w, https:\/\/www.lege-capferret.com\/wp-content\/uploads\/2024\/06\/dune-pilat-lege-cap-ferret-agence-les-conteurs-24-300x200.jpg 300w, https:\/\/www.lege-capferret.com\/wp-content\/uploads\/2024\/06\/dune-pilat-lege-cap-ferret-agence-les-conteurs-24-1700x1133.jpg 1700w, https:\/\/www.lege-capferret.com\/wp-content\/uploads\/2024\/06\/dune-pilat-lege-cap-ferret-agence-les-conteurs-24-768x512.jpg 768w, https:\/\/www.lege-capferret.com\/wp-content\/uploads\/2024\/06\/dune-pilat-lege-cap-ferret-agence-les-conteurs-24-1536x1024.jpg 1536w, https:\/\/www.lege-capferret.com\/wp-content\/uploads\/2024\/06\/dune-pilat-lege-cap-ferret-agence-les-conteurs-24-2048x1365.jpg 2048w, https:\/\/www.lege-capferret.com\/wp-content\/uploads\/2024\/06\/dune-pilat-lege-cap-ferret-agence-les-conteurs-24-650x433.jpg 650w, https:\/\/www.lege-capferret.com\/wp-content\/uploads\/2024\/06\/dune-pilat-lege-cap-ferret-agence-les-conteurs-24-1260x840.jpg 1260w\" sizes=\"(max-width: 1200px) 100vw, 1200px\" \/>\t\t<\/figure>\n        \t<\/section>\n<\/div>\n\n\n\n<a name=\"Bus\" id=\"Bus\"><\/a>\n\n\n<div class=\"container container--md module\">\n\t<section class=\"wys-image\" data-image-position=\"left\">\n        \t\t<div class=\"wysiwyg\">\n            <div class=\"wys\">\n              <h2 data-start=\"0\" data-end=\"22\"><strong data-start=\"0\" data-end=\"22\">Mit dem Bus kommen<\/strong><\/h2>\n<p data-start=\"24\" data-end=\"193\" data-is-last-node=\"\" data-is-only-node=\"\">Dank Al\u00e9go und Nouvelle Aquitaine Transport k\u00f6nnen Sie direkt aus Bordeaux oder anderen Gemeinden des Nord-Bassins anreisen, ohne den Transportmittel wechseln zu m\u00fcssen.<\/p>\n            <\/div>\n            \t\t\t<a href=\"https:\/\/www.alego-mobilite.fr\/itineraire\/\"   class=\"btn btn--primary wysiwyg__btn\">Fahrpl\u00e4ne anzeigen <\/a>\n            \t\t<\/div>\n                \t\t<figure class=\"wys-image__img\">\n            <img loading=\"lazy\" decoding=\"async\" width=\"1200\" height=\"800\" src=\"https:\/\/www.lege-capferret.com\/wp-content\/uploads\/2024\/06\/passenger-sitting-tram-public-transportation-scaled.jpg\" class=\"img-cover\" alt=\"passenger sitting tram public\" srcset=\"https:\/\/www.lege-capferret.com\/wp-content\/uploads\/2024\/06\/passenger-sitting-tram-public-transportation-scaled.jpg 2560w, https:\/\/www.lege-capferret.com\/wp-content\/uploads\/2024\/06\/passenger-sitting-tram-public-transportation-300x200.jpg 300w, https:\/\/www.lege-capferret.com\/wp-content\/uploads\/2024\/06\/passenger-sitting-tram-public-transportation-1700x1133.jpg 1700w, https:\/\/www.lege-capferret.com\/wp-content\/uploads\/2024\/06\/passenger-sitting-tram-public-transportation-768x512.jpg 768w, https:\/\/www.lege-capferret.com\/wp-content\/uploads\/2024\/06\/passenger-sitting-tram-public-transportation-1536x1024.jpg 1536w, https:\/\/www.lege-capferret.com\/wp-content\/uploads\/2024\/06\/passenger-sitting-tram-public-transportation-2048x1365.jpg 2048w, https:\/\/www.lege-capferret.com\/wp-content\/uploads\/2024\/06\/passenger-sitting-tram-public-transportation-650x433.jpg 650w, https:\/\/www.lege-capferret.com\/wp-content\/uploads\/2024\/06\/passenger-sitting-tram-public-transportation-1260x840.jpg 1260w\" sizes=\"(max-width: 1200px) 100vw, 1200px\" \/>\t\t<\/figure>\n        \t<\/section>\n<\/div>\n\n\n<div class=\"container container--md module\">\n\t<section class=\"wys-image\" data-image-position=\"right\">\n        \t\t<div class=\"wysiwyg\">\n            <div class=\"wys\">\n              <div class=\"flex max-w-full flex-col flex-grow\">\n<div class=\"min-h-8 text-message relative flex w-full flex-col items-end gap-2 whitespace-normal break-words text-start [.text-message+&amp;]:mt-5\" dir=\"auto\" data-message-author-role=\"assistant\" data-message-id=\"06495505-b695-4128-9992-fd31d7299588\" data-message-model-slug=\"gpt-4o-mini\">\n<div class=\"flex w-full flex-col gap-1 empty:hidden first:pt-[3px]\">\n<div class=\"markdown prose w-full break-words dark:prose-invert light\">\n<h2 data-start=\"0\" data-end=\"39\"><strong data-start=\"0\" data-end=\"39\">Sich in L\u00e8ge-Cap Ferret fortbewegen<\/strong><\/h2>\n<ul>\n<li><strong data-start=\"41\" data-end=\"60\"><a href=\"https:\/\/www.lege-capferret.com\/de\/verleih\/#list\">Fahrradverleih<\/a>:<\/strong> Genie\u00dfen Sie unsere wundersch\u00f6ne Region auf zwei R\u00e4dern! Hier finden Sie unser vollst\u00e4ndiges Angebot an Fahrradverleihm\u00f6glichkeiten.<\/li>\n<li><strong data-start=\"196\" data-end=\"212\" data-is-only-node=\"\"><a href=\"https:\/\/www.magasins-u.com\/accueil.m95382\">Auto mieten<\/a>:<\/strong> Mieten Sie Ihr Ferienauto direkt bei Qualitycarent, indem Sie unter der Nummer +33 6 25 27 46 25 anrufen.<\/li>\n<\/ul>\n<p data-start=\"314\" data-end=\"491\" data-is-last-node=\"\" data-is-only-node=\"\">Egal, ob Sie L\u00e8ge-Cap Ferret lieber mit dem Fahrrad oder dem Auto erkunden m\u00f6chten, diese Optionen bieten Ihnen die Flexibilit\u00e4t, die Region in Ihrem eigenen Tempo zu entdecken.<\/p>\n<\/div>\n<\/div>\n<\/div>\n<\/div>\n            <\/div>\n            \t\t<\/div>\n                \t\t<figure class=\"wys-image__img\">\n            <img loading=\"lazy\" decoding=\"async\" width=\"1200\" height=\"1200\" src=\"https:\/\/www.lege-capferret.com\/wp-content\/uploads\/2024\/10\/cap-ferret-voiture.jpg\" class=\"img-cover\" alt=\"Une voiture au Cap Ferret\" srcset=\"https:\/\/www.lege-capferret.com\/wp-content\/uploads\/2024\/10\/cap-ferret-voiture.jpg 2000w, https:\/\/www.lege-capferret.com\/wp-content\/uploads\/2024\/10\/cap-ferret-voiture-300x300.jpg 300w, https:\/\/www.lege-capferret.com\/wp-content\/uploads\/2024\/10\/cap-ferret-voiture-1700x1700.jpg 1700w, https:\/\/www.lege-capferret.com\/wp-content\/uploads\/2024\/10\/cap-ferret-voiture-150x150.jpg 150w, https:\/\/www.lege-capferret.com\/wp-content\/uploads\/2024\/10\/cap-ferret-voiture-768x768.jpg 768w, https:\/\/www.lege-capferret.com\/wp-content\/uploads\/2024\/10\/cap-ferret-voiture-1536x1536.jpg 1536w, https:\/\/www.lege-capferret.com\/wp-content\/uploads\/2024\/10\/cap-ferret-voiture-650x650.jpg 650w, https:\/\/www.lege-capferret.com\/wp-content\/uploads\/2024\/10\/cap-ferret-voiture-610x610.jpg 610w\" sizes=\"(max-width: 1200px) 100vw, 1200px\" \/>\t\t<\/figure>\n        \t<\/section>\n<\/div>\n","protected":false},"excerpt":{"rendered":"","protected":false},"author":2,"featured_media":0,"parent":0,"menu_order":0,"comment_status":"closed","ping_status":"closed","template":"","meta":{"footnotes":""},"acf":[],"yoast_head":"<!-- This site is optimized with the Yoast SEO plugin v22.4 - https:\/\/yoast.com\/wordpress\/plugins\/seo\/ -->\n<title>Nach L\u00e8ge-Cap Ferret kommen - L\u00e8ge-Cap Ferret<\/title>\n<meta name=\"description\" content=\"Erreichen Sie L\u00e8ge-Cap Ferret bequem mit dem Auto, Zug, Flugzeug oder Boot. W\u00e4hlen Sie Ihre bevorzugte Anreisem\u00f6glichkeit!\" \/>\n<meta name=\"robots\" content=\"index, follow, max-snippet:-1, max-image-preview:large, max-video-preview:-1\" \/>\n<link rel=\"canonical\" href=\"https:\/\/www.lege-capferret.com\/de\/nach-lege-cap-ferret-kommen\/\" \/>\n<meta property=\"og:locale\" content=\"de_DE\" \/>\n<meta property=\"og:type\" content=\"article\" \/>\n<meta property=\"og:title\" content=\"Nach L\u00e8ge-Cap Ferret kommen - L\u00e8ge-Cap Ferret\" \/>\n<meta property=\"og:description\" content=\"Erreichen Sie L\u00e8ge-Cap Ferret bequem mit dem Auto, Zug, Flugzeug oder Boot. W\u00e4hlen Sie Ihre bevorzugte Anreisem\u00f6glichkeit!\" \/>\n<meta property=\"og:url\" content=\"https:\/\/www.lege-capferret.com\/de\/nach-lege-cap-ferret-kommen\/\" \/>\n<meta property=\"og:site_name\" content=\"L\u00e8ge-Cap Ferret\" \/>\n<meta property=\"article:modified_time\" content=\"2025-12-25T06:36:36+00:00\" \/>\n<meta name=\"twitter:card\" content=\"summary_large_image\" \/>\n<meta name=\"twitter:label1\" content=\"Gesch\u00e4tzte Lesezeit\" \/>\n\t<meta name=\"twitter:data1\" content=\"4\u00a0Minuten\" \/>\n<script type=\"application\/ld+json\" class=\"yoast-schema-graph\">{\"@context\":\"https:\/\/schema.org\",\"@graph\":[{\"@type\":\"WebPage\",\"@id\":\"https:\/\/www.lege-capferret.com\/de\/nach-lege-cap-ferret-kommen\/\",\"url\":\"https:\/\/www.lege-capferret.com\/de\/nach-lege-cap-ferret-kommen\/\",\"name\":\"Nach L\u00e8ge-Cap Ferret kommen - L\u00e8ge-Cap Ferret\",\"isPartOf\":{\"@id\":\"https:\/\/www.lege-capferret.com\/de\/#website\"},\"datePublished\":\"2024-06-21T08:18:52+00:00\",\"dateModified\":\"2025-12-25T06:36:36+00:00\",\"description\":\"Erreichen Sie L\u00e8ge-Cap Ferret bequem mit dem Auto, Zug, Flugzeug oder Boot. W\u00e4hlen Sie Ihre bevorzugte Anreisem\u00f6glichkeit!\",\"breadcrumb\":{\"@id\":\"https:\/\/www.lege-capferret.com\/de\/nach-lege-cap-ferret-kommen\/#breadcrumb\"},\"inLanguage\":\"de\",\"potentialAction\":[{\"@type\":\"ReadAction\",\"target\":[\"https:\/\/www.lege-capferret.com\/de\/nach-lege-cap-ferret-kommen\/\"]}]},{\"@type\":\"BreadcrumbList\",\"@id\":\"https:\/\/www.lege-capferret.com\/de\/nach-lege-cap-ferret-kommen\/#breadcrumb\",\"itemListElement\":[{\"@type\":\"ListItem\",\"position\":1,\"name\":\"Home\",\"item\":\"https:\/\/www.lege-capferret.com\/de\/\"},{\"@type\":\"ListItem\",\"position\":2,\"name\":\"Nach L\u00e8ge-Cap Ferret kommen\"}]},{\"@type\":\"WebSite\",\"@id\":\"https:\/\/www.lege-capferret.com\/de\/#website\",\"url\":\"https:\/\/www.lege-capferret.com\/de\/\",\"name\":\"L\u00e8ge-Cap-Ferret\",\"description\":\"\",\"potentialAction\":[{\"@type\":\"SearchAction\",\"target\":{\"@type\":\"EntryPoint\",\"urlTemplate\":\"https:\/\/www.lege-capferret.com\/de\/?s={search_term_string}\"},\"query-input\":\"required name=search_term_string\"}],\"inLanguage\":\"de\"}]}<\/script>\n<!-- \/ Yoast SEO plugin. -->","yoast_head_json":{"title":"Nach L\u00e8ge-Cap Ferret kommen - L\u00e8ge-Cap Ferret","description":"Erreichen Sie L\u00e8ge-Cap Ferret bequem mit dem Auto, Zug, Flugzeug oder Boot. W\u00e4hlen Sie Ihre bevorzugte Anreisem\u00f6glichkeit!","robots":{"index":"index","follow":"follow","max-snippet":"max-snippet:-1","max-image-preview":"max-image-preview:large","max-video-preview":"max-video-preview:-1"},"canonical":"https:\/\/www.lege-capferret.com\/de\/nach-lege-cap-ferret-kommen\/","og_locale":"de_DE","og_type":"article","og_title":"Nach L\u00e8ge-Cap Ferret kommen - L\u00e8ge-Cap Ferret","og_description":"Erreichen Sie L\u00e8ge-Cap Ferret bequem mit dem Auto, Zug, Flugzeug oder Boot. W\u00e4hlen Sie Ihre bevorzugte Anreisem\u00f6glichkeit!","og_url":"https:\/\/www.lege-capferret.com\/de\/nach-lege-cap-ferret-kommen\/","og_site_name":"L\u00e8ge-Cap Ferret","article_modified_time":"2025-12-25T06:36:36+00:00","twitter_card":"summary_large_image","twitter_misc":{"Gesch\u00e4tzte Lesezeit":"4\u00a0Minuten"},"schema":{"@context":"https:\/\/schema.org","@graph":[{"@type":"WebPage","@id":"https:\/\/www.lege-capferret.com\/de\/nach-lege-cap-ferret-kommen\/","url":"https:\/\/www.lege-capferret.com\/de\/nach-lege-cap-ferret-kommen\/","name":"Nach L\u00e8ge-Cap Ferret kommen - L\u00e8ge-Cap Ferret","isPartOf":{"@id":"https:\/\/www.lege-capferret.com\/de\/#website"},"datePublished":"2024-06-21T08:18:52+00:00","dateModified":"2025-12-25T06:36:36+00:00","description":"Erreichen Sie L\u00e8ge-Cap Ferret bequem mit dem Auto, Zug, Flugzeug oder Boot. W\u00e4hlen Sie Ihre bevorzugte Anreisem\u00f6glichkeit!","breadcrumb":{"@id":"https:\/\/www.lege-capferret.com\/de\/nach-lege-cap-ferret-kommen\/#breadcrumb"},"inLanguage":"de","potentialAction":[{"@type":"ReadAction","target":["https:\/\/www.lege-capferret.com\/de\/nach-lege-cap-ferret-kommen\/"]}]},{"@type":"BreadcrumbList","@id":"https:\/\/www.lege-capferret.com\/de\/nach-lege-cap-ferret-kommen\/#breadcrumb","itemListElement":[{"@type":"ListItem","position":1,"name":"Home","item":"https:\/\/www.lege-capferret.com\/de\/"},{"@type":"ListItem","position":2,"name":"Nach L\u00e8ge-Cap Ferret kommen"}]},{"@type":"WebSite","@id":"https:\/\/www.lege-capferret.com\/de\/#website","url":"https:\/\/www.lege-capferret.com\/de\/","name":"L\u00e8ge-Cap-Ferret","description":"","potentialAction":[{"@type":"SearchAction","target":{"@type":"EntryPoint","urlTemplate":"https:\/\/www.lege-capferret.com\/de\/?s={search_term_string}"},"query-input":"required name=search_term_string"}],"inLanguage":"de"}]}},"_links":{"self":[{"href":"https:\/\/www.lege-capferret.com\/de\/wp-json\/wp\/v2\/pages\/28720"}],"collection":[{"href":"https:\/\/www.lege-capferret.com\/de\/wp-json\/wp\/v2\/pages"}],"about":[{"href":"https:\/\/www.lege-capferret.com\/de\/wp-json\/wp\/v2\/types\/page"}],"author":[{"embeddable":true,"href":"https:\/\/www.lege-capferret.com\/de\/wp-json\/wp\/v2\/users\/2"}],"replies":[{"embeddable":true,"href":"https:\/\/www.lege-capferret.com\/de\/wp-json\/wp\/v2\/comments?post=28720"}],"version-history":[{"count":35,"href":"https:\/\/www.lege-capferret.com\/de\/wp-json\/wp\/v2\/pages\/28720\/revisions"}],"predecessor-version":[{"id":31800,"href":"https:\/\/www.lege-capferret.com\/de\/wp-json\/wp\/v2\/pages\/28720\/revisions\/31800"}],"wp:attachment":[{"href":"https:\/\/www.lege-capferret.com\/de\/wp-json\/wp\/v2\/media?parent=28720"}],"curies":[{"name":"wp","href":"https:\/\/api.w.org\/{rel}","templated":true}]}}